{"id":121,"date":"2017-03-13T17:07:12","date_gmt":"2017-03-13T16:07:12","guid":{"rendered":"http:\/\/www.colingua.be\/es\/page-daccueil\/"},"modified":"2021-01-18T13:20:46","modified_gmt":"2021-01-18T12:20:46","slug":"page-daccueil","status":"publish","type":"page","link":"https:\/\/www.colingua.be\/es\/","title":{"rendered":"Homepage"},"content":{"rendered":"<p>Colingua es una <strong>agencia de traducci\u00f3n e interpretaci\u00f3n de conferencias<\/strong> (traducci\u00f3n simult\u00e1nea para congresos) con sede en <strong>Bruselas<\/strong> y <strong>Lieja (B\u00e9lgica)<\/strong>. Nuestros <strong>traductores e int\u00e9rpretes<\/strong> ofrecen un servicio de calidad a <strong>clientes espa\u00f1oles<\/strong> y <strong>latinoamericanos<\/strong> que desean trabajar con empresas, embajadas, universidades o instituciones europeas en <strong>B\u00e9lgica<\/strong>, <strong>Luxemburgo o Francia<\/strong>. La caracter\u00edstica que distingue a nuestra agencia de traducci\u00f3n es su gesti\u00f3n exclusiva por profesionales del sector, por lo que estar\u00e1 siempre en contacto con un <strong>traductor o un int\u00e9rprete<\/strong> y, adem\u00e1s, <strong>en espa\u00f1ol<\/strong>.<\/p>\n","protected":false},"excerpt":{"rendered":"<p>Colingua es una agencia de traducci\u00f3n e interpretaci\u00f3n de conferencias (traducci\u00f3n simult\u00e1nea para congresos) con sede en Bruselas y Lieja (B\u00e9lgica). Nuestros traductores e int\u00e9rpretes ofrecen un servicio de calidad a clientes espa\u00f1oles y latinoamericanos que desean trabajar con empresas, embajadas, universidades o instituciones europeas en B\u00e9lgica, Luxemburgo o Francia. La caracter\u00edstica que distingue a [&hellip;]<\/p>\n","protected":false},"author":1,"featured_media":0,"parent":0,"menu_order":0,"comment_status":"closed","ping_status":"closed","template":"homepage.php","meta":{"_acf_changed":false,"footnotes":""},"class_list":["post-121","page","type-page","status-publish","hentry"],"acf":[],"_links":{"self":[{"href":"https:\/\/www.colingua.be\/es\/wp-json\/wp\/v2\/pages\/121"}],"collection":[{"href":"https:\/\/www.colingua.be\/es\/wp-json\/wp\/v2\/pages"}],"about":[{"href":"https:\/\/www.colingua.be\/es\/wp-json\/wp\/v2\/types\/page"}],"author":[{"embeddable":true,"href":"https:\/\/www.colingua.be\/es\/wp-json\/wp\/v2\/users\/1"}],"replies":[{"embeddable":true,"href":"https:\/\/www.colingua.be\/es\/wp-json\/wp\/v2\/comments?post=121"}],"version-history":[{"count":33,"href":"https:\/\/www.colingua.be\/es\/wp-json\/wp\/v2\/pages\/121\/revisions"}],"predecessor-version":[{"id":17709,"href":"https:\/\/www.colingua.be\/es\/wp-json\/wp\/v2\/pages\/121\/revisions\/17709"}],"wp:attachment":[{"href":"https:\/\/www.colingua.be\/es\/wp-json\/wp\/v2\/media?parent=121"}],"curies":[{"name":"wp","href":"https:\/\/api.w.org\/{rel}","templated":true}]}}