{"id":12683,"date":"2020-01-15T10:49:53","date_gmt":"2020-01-15T09:49:53","guid":{"rendered":"https:\/\/www.colingua.be\/?page_id=12683"},"modified":"2020-01-17T17:53:25","modified_gmt":"2020-01-17T16:53:25","slug":"traductores-para-sus-festivales-y-eventos","status":"publish","type":"page","link":"https:\/\/www.colingua.be\/es\/traduccion\/traductores-para-sus-festivales-y-eventos\/","title":{"rendered":"Traductores para festivales y eventos"},"content":{"rendered":"<p>A nuestros <strong>traductores<\/strong> les apasionan los festivales y todo tipo de eventos, tanto como a sus organizadores y visitantes.<\/p>\n<p>Detr\u00e1s de numerosos eventos se encuentra un equipo de <strong>traductores profesionales<\/strong>, que se encarga de traducir folletos, sitios web o programas para que asistentes o visitantes puedan disfrutar plenamente de la experiencia, superando las barreras ling\u00fc\u00edsticas.<\/p>\n<p>Nuestro equipo de <strong>traductores<\/strong> se encarga de <strong>localizar las<\/strong> <strong>traducciones<\/strong> para que el programa, los artistas o los patrocinadores destaquen al m\u00e1ximo y lleguen al p\u00fablico destinatario. Todo ello en estrecha colaboraci\u00f3n con el cliente.<\/p>\n<p>El enfoque personalizado de nuestra <strong>agencia de traducci\u00f3n<\/strong> nos ha permitido trabajar en grandes eventos como:<\/p>\n<ul>\n<li><span style=\"color: #000000;\"><span style=\"caret-color: #000000;\"><a style=\"color: #000000;\" href=\"https:\/\/www.colingua.be\/fr\/bureau-de-traduction-a-bruxelles-bsf\/\">Brussels Summer Festival<\/a> (57.000 visitantes)<\/span><\/span><\/li>\n<li><span style=\"color: #000000;\"><a style=\"color: #000000;\" href=\"https:\/\/www.colingua.be\/fr\/traducteurs-programme-liege-cite-de-noel\/\">Li\u00e8ge Cit\u00e9 de No\u00ebl<\/a> (2 millions de visitantes)<\/span><\/li>\n<li><span style=\"color: #000000;\">Edinbourg Fringe Festival<\/span><\/li>\n<\/ul>\n<p>Fotograf\u00eda:\u00a0Josh Sorenson en\u00a0<a href=\"https:\/\/www.pexels.com\" target=\"_blank\" rel=\"noopener\">Pexels<\/a><\/p>\n","protected":false},"excerpt":{"rendered":"<p>A nuestros traductores les apasionan los festivales y todo tipo de eventos, tanto como a sus organizadores y visitantes. Detr\u00e1s de numerosos eventos se encuentra un equipo de traductores profesionales, que se encarga de traducir folletos, sitios web o programas para que asistentes o visitantes puedan disfrutar plenamente de la experiencia, superando las barreras ling\u00fc\u00edsticas. [&hellip;]<\/p>\n","protected":false},"author":2,"featured_media":11518,"parent":4325,"menu_order":0,"comment_status":"closed","ping_status":"closed","template":"page-landing.php","meta":{"_acf_changed":false,"footnotes":""},"class_list":["post-12683","page","type-page","status-publish","has-post-thumbnail","hentry"],"acf":[],"_links":{"self":[{"href":"https:\/\/www.colingua.be\/es\/wp-json\/wp\/v2\/pages\/12683"}],"collection":[{"href":"https:\/\/www.colingua.be\/es\/wp-json\/wp\/v2\/pages"}],"about":[{"href":"https:\/\/www.colingua.be\/es\/wp-json\/wp\/v2\/types\/page"}],"author":[{"embeddable":true,"href":"https:\/\/www.colingua.be\/es\/wp-json\/wp\/v2\/users\/2"}],"replies":[{"embeddable":true,"href":"https:\/\/www.colingua.be\/es\/wp-json\/wp\/v2\/comments?post=12683"}],"version-history":[{"count":5,"href":"https:\/\/www.colingua.be\/es\/wp-json\/wp\/v2\/pages\/12683\/revisions"}],"predecessor-version":[{"id":12694,"href":"https:\/\/www.colingua.be\/es\/wp-json\/wp\/v2\/pages\/12683\/revisions\/12694"}],"up":[{"embeddable":true,"href":"https:\/\/www.colingua.be\/es\/wp-json\/wp\/v2\/pages\/4325"}],"wp:featuredmedia":[{"embeddable":true,"href":"https:\/\/www.colingua.be\/es\/wp-json\/wp\/v2\/media\/11518"}],"wp:attachment":[{"href":"https:\/\/www.colingua.be\/es\/wp-json\/wp\/v2\/media?parent=12683"}],"curies":[{"name":"wp","href":"https:\/\/api.w.org\/{rel}","templated":true}]}}