{"id":13059,"date":"2020-01-25T13:25:07","date_gmt":"2020-01-25T12:25:07","guid":{"rendered":"https:\/\/www.colingua.be\/?page_id=13059"},"modified":"2020-01-31T11:03:19","modified_gmt":"2020-01-31T10:03:19","slug":"interpretes-a-nivel-europeo-en-bruselas","status":"publish","type":"page","link":"https:\/\/www.colingua.be\/es\/interpretacion-de-conferencias\/interpretes-a-nivel-europeo-en-bruselas\/","title":{"rendered":"Int\u00e9rpretes a nivel europeo"},"content":{"rendered":"<p>Nuestra\u00a0<strong>agencia de interpretaci\u00f3n de Bruselas <\/strong>est\u00e1 especializada en asuntos europeos. Nuestros <strong>int\u00e9rpretes de conferencias<\/strong> trabajan con regularidad para <strong>asociaciones y fundaciones europeas<\/strong>. Tambi\u00e9n acuden a menudo al Parlamento Europeo y al Comit\u00e9 Europeo de las Regiones en el marco de las conferencias organizadas por eurodiputados, ONG o grupos de inter\u00e9s.<\/p>\n<p>Elegir a Colingua significa tener siempre como interlocutor a un\/a <strong>int\u00e9rprete de conferencias<\/strong> encargado\/a de ayudarle a organizar la<strong> interpretaci\u00f3n<\/strong>\u00a0(<em>traducci\u00f3n simult\u00e1nea<\/em>) de su evento. Podremos responder as\u00ed r\u00e1pidamente a sus preguntas (sobre <span style=\"color: #ffffff;\"><strong><a style=\"color: #ffffff;\" href=\"https:\/\/www.colingua.be\/es\/alquiler-de-material-de-interpretacion-traduccion-en-belgica\/cabinas-de-interpretacion-de-conferencias\/\">las cabinas<\/a><\/strong><\/span>, sobre c\u00f3mo funciona la <strong><span style=\"color: #ffffff;\"><a style=\"color: #ffffff;\" href=\"https:\/\/www.colingua.be\/es\/interpretacion-de-conferencias\/\">interpretaci\u00f3n simult\u00e1nea<\/a><\/span><\/strong> o consecutiva, etc.), as\u00ed como aportar consejos para optimizar las reuniones multiling\u00fces y evitar que la diversidad ling\u00fc\u00edstica de su evento no se convierta en un obst\u00e1culo.<\/p>\n<p>Gracias a nuestro servicio personalizado, nuestra <strong>agencia de int\u00e9rpretes en Bruselas<\/strong> trabaja para numerosos clientes europeos como:<\/p>\n<ul>\n<li><span style=\"color: #ffffff;\"><a style=\"color: #ffffff;\" href=\"https:\/\/www.colingua.be\/es\/interpretes-para-la-red-europea-de-migracion-en-bruselas\/\">Red Europea de Migraci\u00f3n<\/a><\/span><\/li>\n<li>Red Europea de Formaci\u00f3n Judicial<\/li>\n<li><span style=\"color: #ffffff;\"><a style=\"color: #ffffff;\" href=\"https:\/\/www.colingua.be\/es\/interpretes-para-conferencias-europeas\/\">Conferencias EU-LAC<\/a><\/span><\/li>\n<li><span style=\"color: #ffffff;\"><a style=\"color: #ffffff;\" href=\"https:\/\/www.colingua.be\/es\/interpretes-de-conferencias-en-bruselas-efus\/\"><span style=\"color: #ffffff;\">Foro Europeo para l<\/span>a Seguridad Urbana<\/a><\/span><\/li>\n<li><span style=\"color: #ffffff;\"><a style=\"color: #ffffff;\" href=\"https:\/\/www.colingua.be\/es\/interpretes-de-conferencias-en-bruselas-para-la-uer\/\">Uni\u00f3n Europea de Radiodifusi\u00f3n (UER)<\/a><\/span><\/li>\n<li>OSCE<\/li>\n<li>OCDE<\/li>\n<li>Asociaci\u00f3n Europea de Agencias de Desarrollo (EURADA)<\/li>\n<\/ul>\n<p><span style=\"color: #ffffff;\"><a style=\"color: #ffffff;\" href=\"https:\/\/www.colingua.be\/es\/alquiler-de-material-de-interpretacion-traduccion-en-belgica\/alquiler-kits-de-cabinas-de-interpretacion\/\"><strong>Descubra nuestras cabinas de int\u00e9rpretes<\/strong><\/a><\/span><\/p>\n","protected":false},"excerpt":{"rendered":"<p>Nuestra\u00a0agencia de interpretaci\u00f3n de Bruselas est\u00e1 especializada en asuntos europeos. Nuestros int\u00e9rpretes de conferencias trabajan con regularidad para asociaciones y fundaciones europeas. Tambi\u00e9n acuden a menudo al Parlamento Europeo y al Comit\u00e9 Europeo de las Regiones en el marco de las conferencias organizadas por eurodiputados, ONG o grupos de inter\u00e9s. Elegir a Colingua significa tener [&hellip;]<\/p>\n","protected":false},"author":2,"featured_media":12756,"parent":4365,"menu_order":1,"comment_status":"closed","ping_status":"closed","template":"page-landing.php","meta":{"_acf_changed":false,"footnotes":""},"class_list":["post-13059","page","type-page","status-publish","has-post-thumbnail","hentry"],"acf":[],"_links":{"self":[{"href":"https:\/\/www.colingua.be\/es\/wp-json\/wp\/v2\/pages\/13059"}],"collection":[{"href":"https:\/\/www.colingua.be\/es\/wp-json\/wp\/v2\/pages"}],"about":[{"href":"https:\/\/www.colingua.be\/es\/wp-json\/wp\/v2\/types\/page"}],"author":[{"embeddable":true,"href":"https:\/\/www.colingua.be\/es\/wp-json\/wp\/v2\/users\/2"}],"replies":[{"embeddable":true,"href":"https:\/\/www.colingua.be\/es\/wp-json\/wp\/v2\/comments?post=13059"}],"version-history":[{"count":9,"href":"https:\/\/www.colingua.be\/es\/wp-json\/wp\/v2\/pages\/13059\/revisions"}],"predecessor-version":[{"id":13196,"href":"https:\/\/www.colingua.be\/es\/wp-json\/wp\/v2\/pages\/13059\/revisions\/13196"}],"up":[{"embeddable":true,"href":"https:\/\/www.colingua.be\/es\/wp-json\/wp\/v2\/pages\/4365"}],"wp:featuredmedia":[{"embeddable":true,"href":"https:\/\/www.colingua.be\/es\/wp-json\/wp\/v2\/media\/12756"}],"wp:attachment":[{"href":"https:\/\/www.colingua.be\/es\/wp-json\/wp\/v2\/media?parent=13059"}],"curies":[{"name":"wp","href":"https:\/\/api.w.org\/{rel}","templated":true}]}}