{"id":15412,"date":"2020-08-24T17:12:09","date_gmt":"2020-08-24T15:12:09","guid":{"rendered":"https:\/\/www.colingua.be\/?page_id=15412"},"modified":"2020-09-05T11:01:14","modified_gmt":"2020-09-05T09:01:14","slug":"videoconferencias-con-interpretacion","status":"publish","type":"page","link":"https:\/\/www.colingua.be\/es\/interpretacion-de-conferencias\/videoconferencias-con-interpretacion\/","title":{"rendered":"Videoconferencias con interpretaci\u00f3n"},"content":{"rendered":"<p><span lang=\"ES\">\u00bfHa decidido organizar una <b>conferencia en l\u00ednea<\/b>, pero no sabe c\u00f3mo funciona lo de la<i>\u00a0<span style=\"color: #ffffff;\"><a style=\"color: #ffffff;\" href=\"https:\/\/www.colingua.be\/es\/interpretacion-de-conferencias\/\">traducci\u00f3n simult\u00e1nea<\/a>\u00a0<\/span><\/i>a varios idiomas?<\/span><\/p>\n<p><span lang=\"ES\">\u00bfHa optado por organizar la pr\u00f3xima <b>reuni\u00f3n de trabajo<\/b> por <b>videoconferencia<\/b>, pero sus socios hablan otro idioma?<\/span><\/p>\n<p><span lang=\"ES\">Nuestros <b>int\u00e9rpretes<\/b> y nuestro equipo t\u00e9cnico pueden ofrecerle diferentes <b>soluciones de traducci\u00f3n simult\u00e1nea en l\u00ednea<\/b> en funci\u00f3n de sus necesidades. Podr\u00e1 contar con una <span style=\"color: #ffffff;\"><a style=\"color: #ffffff;\" href=\"https:\/\/www.colingua.be\/es\/interpretacion-de-conferencias\/interpretacion-simultanea-remota-isr\/\"><b>interpretaci\u00f3n simult\u00e1nea remota<\/b> (en l\u00ednea)<\/a><\/span> a uno o varios idiomas, como en cualquier reuni\u00f3n presencial. <\/span><\/p>\n","protected":false},"excerpt":{"rendered":"<p>\u00bfHa decidido organizar una conferencia en l\u00ednea, pero no sabe c\u00f3mo funciona lo de la\u00a0traducci\u00f3n simult\u00e1nea\u00a0a varios idiomas? \u00bfHa optado por organizar la pr\u00f3xima reuni\u00f3n de trabajo por videoconferencia, pero sus socios hablan otro idioma? Nuestros int\u00e9rpretes y nuestro equipo t\u00e9cnico pueden ofrecerle diferentes soluciones de traducci\u00f3n simult\u00e1nea en l\u00ednea en funci\u00f3n de sus necesidades. [&hellip;]<\/p>\n","protected":false},"author":2,"featured_media":14901,"parent":4365,"menu_order":0,"comment_status":"closed","ping_status":"closed","template":"page-landing.php","meta":{"_acf_changed":false,"footnotes":""},"class_list":["post-15412","page","type-page","status-publish","has-post-thumbnail","hentry"],"acf":[],"_links":{"self":[{"href":"https:\/\/www.colingua.be\/es\/wp-json\/wp\/v2\/pages\/15412"}],"collection":[{"href":"https:\/\/www.colingua.be\/es\/wp-json\/wp\/v2\/pages"}],"about":[{"href":"https:\/\/www.colingua.be\/es\/wp-json\/wp\/v2\/types\/page"}],"author":[{"embeddable":true,"href":"https:\/\/www.colingua.be\/es\/wp-json\/wp\/v2\/users\/2"}],"replies":[{"embeddable":true,"href":"https:\/\/www.colingua.be\/es\/wp-json\/wp\/v2\/comments?post=15412"}],"version-history":[{"count":19,"href":"https:\/\/www.colingua.be\/es\/wp-json\/wp\/v2\/pages\/15412\/revisions"}],"predecessor-version":[{"id":15889,"href":"https:\/\/www.colingua.be\/es\/wp-json\/wp\/v2\/pages\/15412\/revisions\/15889"}],"up":[{"embeddable":true,"href":"https:\/\/www.colingua.be\/es\/wp-json\/wp\/v2\/pages\/4365"}],"wp:featuredmedia":[{"embeddable":true,"href":"https:\/\/www.colingua.be\/es\/wp-json\/wp\/v2\/media\/14901"}],"wp:attachment":[{"href":"https:\/\/www.colingua.be\/es\/wp-json\/wp\/v2\/media?parent=15412"}],"curies":[{"name":"wp","href":"https:\/\/api.w.org\/{rel}","templated":true}]}}