{"id":15549,"date":"2020-08-28T11:09:05","date_gmt":"2020-08-28T09:09:05","guid":{"rendered":"https:\/\/www.colingua.be\/?page_id=15549"},"modified":"2020-09-18T09:27:47","modified_gmt":"2020-09-18T07:27:47","slug":"tipos-de-plataformas","status":"publish","type":"page","link":"https:\/\/www.colingua.be\/es\/interpretacion-de-conferencias\/videoconferencias-con-interpretacion\/tipos-de-plataformas\/","title":{"rendered":"Tipos de plataformas de videoconferencia"},"content":{"rendered":"<p>Elegir la <strong>plataforma de videoconferencia m\u00e1s adecuada<\/strong> es un paso importante que determinar\u00e1 el \u00e9xito de su evento virtual con <em>traducci\u00f3n simult\u00e1nea<\/em>\u00a0e <strong>int\u00e9rpretes en<\/strong> <strong>l\u00ednea<\/strong>. Pero tambi\u00e9n podemos ofrecerle <a href=\"https:\/\/www.colingua.be\/es\/interpretacion-de-conferencias\/interpretacion-simultanea-remota-isr\/\"><strong><span style=\"color: #ffffff;\">interpretaci\u00f3n remota<\/span><\/strong><\/a> a trav\u00e9s de una soluci\u00f3n compatible con su sistema de videoconferencia habitual.<\/p>\n<hr \/>\n<p>\u00a1No confunda <strong>plataforma de videoconferencia<\/strong> y <strong>plataforma de interpretaci\u00f3n<\/strong>!<\/p>\n<ul>\n<li>Es probable que conozca las principales plataformas de videoconferencia, como <strong><a href=\"https:\/\/meet.google.com\" target=\"_blank\" rel=\"noopener\"><span style=\"color: #ffffff;\">Google Meet<\/span><\/a>, <span style=\"color: #ffffff;\"><a style=\"color: #ffffff;\" href=\"https:\/\/www.microsoft.com\/fr-be\/microsoft-365\/microsoft-teams\/group-chat-software\" target=\"_blank\" rel=\"noopener\">Microsoft Teams<\/a><\/span>, <span style=\"color: #ffffff;\"><a style=\"color: #ffffff;\" href=\"https:\/\/www.webex.com\">Cisco Webex<\/a><\/span>, <span style=\"color: #ffffff;\"><a style=\"color: #ffffff;\" href=\"https:\/\/www.gotomeeting.com\" target=\"_blank\" rel=\"noopener\">GoToMeeting<\/a><\/span><\/strong>, etc. Estas herramientas permiten organizar reuniones virtuales de gran calidad, pero no cuentan con un <strong>sistema de interpretaci\u00f3n<\/strong> integrado.<\/li>\n<\/ul>\n<ul>\n<li>Herramientas como\u00a0<span style=\"color: #ffffff;\"><strong><a style=\"color: #ffffff;\" href=\"https:\/\/interactio.io\/\" target=\"_blank\" rel=\"noopener\">Interactio<\/a><\/strong><\/span>,<strong>\u00a0<span style=\"color: #ffffff;\"><a style=\"color: #ffffff;\" href=\"https:\/\/voiceboxer.com\" target=\"_blank\" rel=\"noopener\">VoiceBoxer<\/a><\/span><\/strong>\u00a0o\u00a0<span style=\"color: #ffffff;\"><a style=\"color: #ffffff;\" href=\"https:\/\/kudoway.com\" target=\"_blank\" rel=\"noopener\"><strong>Kudo<\/strong><\/a><\/span>\u00a0son <strong>plataformas de interpretaci\u00f3n<\/strong> concebidas para reuniones multiling\u00fces con <strong><a href=\"https:\/\/www.colingua.be\/es\/interpretacion-de-conferencias\/\"><span style=\"color: #ffffff;\">interpretaci\u00f3n simult\u00e1nea<\/span><\/a><\/strong>. Aunque son menos conocidas por el p\u00fablico general pueden resultar muy eficaces para sus eventos, adem\u00e1s de permitir condiciones \u00f3ptimas para la <span style=\"color: #ffffff;\"><a style=\"color: #ffffff;\" href=\"https:\/\/www.colingua.be\/es\/interpretacion-de-conferencias\/interpretacion-simultanea-remota-isr\/\"><strong>interpretaci\u00f3n simult\u00e1nea remota<\/strong><\/a><\/span> a varios idiomas.<\/li>\n<\/ul>\n<ul>\n<li>\u00bfY\u00a0<strong>ZOOM<\/strong>? Se trata de una aplicaci\u00f3n para videoconferencias que permite igualmente ofrecer una <strong><a href=\"https:\/\/www.colingua.be\/es\/interpretacion-de-conferencias\/interpretacion-simultanea-remota-isr\/\"><span style=\"color: #ffffff;\">interpretaci\u00f3n simult\u00e1nea en l\u00ednea<\/span><\/a><\/strong>. Resulta adecuada para proporcionar un servicio de calidad en una gran variedad de contextos. La ventaja de <strong><span style=\"color: #ffffff;\"><a style=\"color: #ffffff;\" href=\"https:\/\/zoom.us\" target=\"_blank\" rel=\"noopener\">ZOOM<\/a><\/span><\/strong> es que a\u00fana la facilidad de uso de esta <strong>aplicaci\u00f3n de videoconferencia<\/strong> y la posibilidad de acceder a varios canales de audio para escuchar a los <strong>int\u00e9rpretes<\/strong>.<\/li>\n<\/ul>\n<p><u>Podemos asesorarle sobre cu\u00e1l es la mejor opci\u00f3n para su evento:<\/u><\/p>\n<ul>\n<li><span style=\"color: #ffffff;\"><a style=\"color: #ffffff;\" href=\"https:\/\/www.colingua.be\/es\/interpretacion-de-conferencias\/videoconferencias-con-interpretacion\/interpretacion-de-idiomas-con-zoom\/\"><strong>ZOOM<\/strong><\/a><\/span><\/li>\n<li>una soluci\u00f3n de interpretaci\u00f3n simult\u00e1nea remota que funciona con su plataforma de videoconferencia habitual<\/li>\n<li>una plataforma especializada en <span style=\"color: #ffffff;\"><strong><a style=\"color: #ffffff;\" href=\"https:\/\/www.colingua.be\/es\/interpretacion-de-conferencias\/interpretacion-simultanea-remota-isr\/\">interpretaci\u00f3n simult\u00e1nea en l\u00ednea<\/a><\/strong><\/span><\/li>\n<\/ul>\n<p>&nbsp;<\/p>\n","protected":false},"excerpt":{"rendered":"<p>Elegir la plataforma de videoconferencia m\u00e1s adecuada es un paso importante que determinar\u00e1 el \u00e9xito de su evento virtual con traducci\u00f3n simult\u00e1nea\u00a0e int\u00e9rpretes en l\u00ednea. Pero tambi\u00e9n podemos ofrecerle interpretaci\u00f3n remota a trav\u00e9s de una soluci\u00f3n compatible con su sistema de videoconferencia habitual. \u00a1No confunda plataforma de videoconferencia y plataforma de interpretaci\u00f3n! Es probable que [&hellip;]<\/p>\n","protected":false},"author":2,"featured_media":14931,"parent":15412,"menu_order":1,"comment_status":"closed","ping_status":"closed","template":"page-landing.php","meta":{"_acf_changed":false,"footnotes":""},"class_list":["post-15549","page","type-page","status-publish","has-post-thumbnail","hentry"],"acf":[],"_links":{"self":[{"href":"https:\/\/www.colingua.be\/es\/wp-json\/wp\/v2\/pages\/15549"}],"collection":[{"href":"https:\/\/www.colingua.be\/es\/wp-json\/wp\/v2\/pages"}],"about":[{"href":"https:\/\/www.colingua.be\/es\/wp-json\/wp\/v2\/types\/page"}],"author":[{"embeddable":true,"href":"https:\/\/www.colingua.be\/es\/wp-json\/wp\/v2\/users\/2"}],"replies":[{"embeddable":true,"href":"https:\/\/www.colingua.be\/es\/wp-json\/wp\/v2\/comments?post=15549"}],"version-history":[{"count":15,"href":"https:\/\/www.colingua.be\/es\/wp-json\/wp\/v2\/pages\/15549\/revisions"}],"predecessor-version":[{"id":16264,"href":"https:\/\/www.colingua.be\/es\/wp-json\/wp\/v2\/pages\/15549\/revisions\/16264"}],"up":[{"embeddable":true,"href":"https:\/\/www.colingua.be\/es\/wp-json\/wp\/v2\/pages\/15412"}],"wp:featuredmedia":[{"embeddable":true,"href":"https:\/\/www.colingua.be\/es\/wp-json\/wp\/v2\/media\/14931"}],"wp:attachment":[{"href":"https:\/\/www.colingua.be\/es\/wp-json\/wp\/v2\/media?parent=15549"}],"curies":[{"name":"wp","href":"https:\/\/api.w.org\/{rel}","templated":true}]}}