{"id":15556,"date":"2020-08-28T11:24:02","date_gmt":"2020-08-28T09:24:02","guid":{"rendered":"https:\/\/www.colingua.be\/?page_id=15556"},"modified":"2020-09-18T09:28:19","modified_gmt":"2020-09-18T07:28:19","slug":"interpretacion-de-idiomas-con-zoom","status":"publish","type":"page","link":"https:\/\/www.colingua.be\/es\/interpretacion-de-conferencias\/videoconferencias-con-interpretacion\/interpretacion-de-idiomas-con-zoom\/","title":{"rendered":"Interpretaci\u00f3n de idiomas con ZOOM"},"content":{"rendered":"<p>La plataforma estadounidense <span style=\"color: #ffffff;\"><a style=\"color: #ffffff;\" href=\"https:\/\/zoom.us\" target=\"_blank\" rel=\"noopener\"><strong>ZOOM<\/strong><\/a><\/span>\u00a0es una herramienta de videoconferencia bien conocida y f\u00e1cil de usar. Se trata de una aplicaci\u00f3n que permite la <span style=\"color: #ffffff;\"><a style=\"color: #ffffff;\" href=\"https:\/\/www.colingua.be\/es\/interpretacion-de-conferencias\/\"><strong>interpretaci\u00f3n simult\u00e1nea a varios idiomas<\/strong><\/a><\/span>\u00a0y que resulta muy interesante para cierto tipo de eventos y configuraciones.<\/p>\n<p>La <strong>interpretaci\u00f3n en Zoom<\/strong> se puede proporcionar a distancia, con <strong>int\u00e9rpretes<\/strong> que trabajan <span style=\"color: #ffffff;\"><a style=\"color: #ffffff;\" href=\"https:\/\/www.colingua.be\/es\/interpretacion-de-conferencias\/videoconferencias-con-interpretacion\/desde-un-estudio-o-desde-casa\/\"><strong>desde su despacho en casa, o desde un estudio de interpretaci\u00f3n (hub)<\/strong><\/a><\/span>, concebido espec\u00edficamente para este fin. Colingua ofrece las 2 soluciones a los clientes que deseen utilizar <span style=\"color: #ffffff;\"><a style=\"color: #ffffff;\" href=\"https:\/\/zoom.us\">ZOOM<\/a><\/span>.<\/p>\n<p>Podemos asesorarle sobre esta herramienta, sus ventajas e inconvenientes, si necesita <strong>int\u00e9rpretes de conferencias<\/strong> para eventos con <span style=\"color: #ffffff;\"><a style=\"color: #ffffff;\" href=\"https:\/\/www.colingua.be\/es\/interpretacion-de-conferencias\/\"><em>traducci\u00f3n simult\u00e1nea<\/em><\/a><\/span>. Puede crear su propia sesi\u00f3n Zoom o podemos encargarnos nosotros de su creaci\u00f3n para que luego pueda gestionar directamente su evento virtual de principio a fin.<\/p>\n<p>Ofrecemos igualmente un servicio de <span style=\"color: #ffffff;\"><a style=\"color: #ffffff;\" href=\"https:\/\/www.colingua.be\/es\/interpretacion-de-conferencias\/videoconferencias-con-interpretacion\/moderador-en-linea\/\">moderadores multiling\u00fces<\/a><\/span>, que podr\u00e1n facilitar el turno de palabra, la recopilaci\u00f3n de preguntas o incluso resolver los peque\u00f1os escollos t\u00e9cnicos m\u00e1s frecuentes, para evitar completamente o reducir al m\u00e1ximo las interrupciones.<\/p>\n","protected":false},"excerpt":{"rendered":"<p>La plataforma estadounidense ZOOM\u00a0es una herramienta de videoconferencia bien conocida y f\u00e1cil de usar. Se trata de una aplicaci\u00f3n que permite la interpretaci\u00f3n simult\u00e1nea a varios idiomas\u00a0y que resulta muy interesante para cierto tipo de eventos y configuraciones. La interpretaci\u00f3n en Zoom se puede proporcionar a distancia, con int\u00e9rpretes que trabajan desde su despacho en [&hellip;]<\/p>\n","protected":false},"author":2,"featured_media":15011,"parent":15412,"menu_order":2,"comment_status":"closed","ping_status":"closed","template":"page-landing.php","meta":{"_acf_changed":false,"footnotes":""},"class_list":["post-15556","page","type-page","status-publish","has-post-thumbnail","hentry"],"acf":[],"_links":{"self":[{"href":"https:\/\/www.colingua.be\/es\/wp-json\/wp\/v2\/pages\/15556"}],"collection":[{"href":"https:\/\/www.colingua.be\/es\/wp-json\/wp\/v2\/pages"}],"about":[{"href":"https:\/\/www.colingua.be\/es\/wp-json\/wp\/v2\/types\/page"}],"author":[{"embeddable":true,"href":"https:\/\/www.colingua.be\/es\/wp-json\/wp\/v2\/users\/2"}],"replies":[{"embeddable":true,"href":"https:\/\/www.colingua.be\/es\/wp-json\/wp\/v2\/comments?post=15556"}],"version-history":[{"count":13,"href":"https:\/\/www.colingua.be\/es\/wp-json\/wp\/v2\/pages\/15556\/revisions"}],"predecessor-version":[{"id":16265,"href":"https:\/\/www.colingua.be\/es\/wp-json\/wp\/v2\/pages\/15556\/revisions\/16265"}],"up":[{"embeddable":true,"href":"https:\/\/www.colingua.be\/es\/wp-json\/wp\/v2\/pages\/15412"}],"wp:featuredmedia":[{"embeddable":true,"href":"https:\/\/www.colingua.be\/es\/wp-json\/wp\/v2\/media\/15011"}],"wp:attachment":[{"href":"https:\/\/www.colingua.be\/es\/wp-json\/wp\/v2\/media?parent=15556"}],"curies":[{"name":"wp","href":"https:\/\/api.w.org\/{rel}","templated":true}]}}