{"id":15571,"date":"2020-08-28T12:26:54","date_gmt":"2020-08-28T10:26:54","guid":{"rendered":"https:\/\/www.colingua.be\/?page_id=15571"},"modified":"2020-09-15T14:35:35","modified_gmt":"2020-09-15T12:35:35","slug":"eventos-virtuales-con-nuestros-interpretes","status":"publish","type":"page","link":"https:\/\/www.colingua.be\/es\/interpretacion-de-conferencias\/videoconferencias-con-interpretacion\/eventos-virtuales-con-nuestros-interpretes\/","title":{"rendered":"Eventos virtuales con nuestros int\u00e9rpretes"},"content":{"rendered":"<p>Nuestra <strong>agencia de int\u00e9rpretes<\/strong> se especializa en la <span style=\"color: #ffffff;\"><strong><a style=\"color: #ffffff;\" href=\"https:\/\/www.colingua.be\/es\/interpretacion-de-conferencias\/interpretacion-simultanea-remota-isr\/\">interpretaci\u00f3n simult\u00e1nea remota<\/a><\/strong><\/span>. Estos \u00faltimos meses, muchos eventos europeos o internacionales han sido organizados en l\u00ednea: reuniones de trabajo en grupos peque\u00f1os con 2 idiomas en <span style=\"color: #ffffff;\"><strong><a style=\"color: #ffffff;\" href=\"https:\/\/www.colingua.be\/es\/interpretacion-de-conferencias\/videoconferencias-con-interpretacion\/interpretacion-de-idiomas-con-zoom\/\">Zoom<\/a><\/strong><\/span>, asambleas generales en 5 idiomas con 150 participantes en 4 continentes con necesidad de votar mociones en directo, reuniones de expertos europeos con Webex, Teams,\u2026<\/p>\n<p>Ejemplos de eventos con nuestros int\u00e9rpretes:<\/p>\n<ul>\n<li><strong><span style=\"color: #ffffff;\"><a style=\"color: #ffffff;\" href=\"https:\/\/www.colingua.be\/es\/interpretacion-a-distancia-eip\/\">Interpretaci\u00f3n simult\u00e1nea para el EIP<\/a><\/span><\/strong>\u00a0(<span style=\"color: #ffffff;\"><a style=\"color: #ffffff;\" href=\"http:\/\/www.eip.org\/\" target=\"_blank\" rel=\"noopener\">Instituto Europeo de la Paz<\/a><\/span>).\u00a0<span style=\"color: #ffffff;\"><strong><a style=\"color: #ffffff;\" href=\"https:\/\/www.colingua.be\/es\/interpretacion-de-conferencias\/videoconferencias-con-interpretacion\/interpretacion-de-idiomas-con-zoom\/\">Interpretaci\u00f3n con ZOOM<\/a><\/strong><\/span>. Idiomas interpretados: espa\u00f1ol e ingl\u00e9s.<\/li>\n<li><span style=\"color: #ffffff;\"><strong><a style=\"color: #ffffff;\" href=\"https:\/\/www.colingua.be\/es\/interpretacion-de-conferencias\/videoconferencias-con-interpretacion\/evento-hibrido-presencial-o-a-distancia\/\">Interpretaci\u00f3n simult\u00e1nea en l\u00ednea con formato h\u00edbrido<\/a><\/strong><\/span>\u00a0(Webex con nuestra aplicaci\u00f3n m\u00f3vil) para el <span style=\"color: #ffffff;\"><a style=\"color: #ffffff;\" href=\"https:\/\/www.igo-ifj.be\/fr\" target=\"_blank\" rel=\"noopener\">Instituto de Formaci\u00f3n judicial belga<\/a><\/span>. Idiomas interpretados: franc\u00e9s, ingl\u00e9s, neerland\u00e9s\u2026<\/li>\n<li><strong>Interpretaci\u00f3n simult\u00e1nea en l\u00ednea para el IDDC<\/strong>\u00a0(<span style=\"color: #ffffff;\"><a style=\"color: #ffffff;\" href=\"https:\/\/www.iddcconsortium.net\/\" target=\"_blank\" rel=\"noopener\">Consorcio Internacional de Discapacidad y Desarrollo<\/a><\/span>).\u00a0<strong><span style=\"color: #ffffff;\"><a style=\"color: #ffffff;\" href=\"https:\/\/www.colingua.be\/es\/interpretacion-de-conferencias\/videoconferencias-con-interpretacion\/interpretacion-de-idiomas-con-zoom\/\">Interpretaci\u00f3n con ZOOM<\/a><\/span>.<\/strong>\u00a0Idiomas interpretados: espa\u00f1ol, ingl\u00e9s y franc\u00e9s en varios encuentros.<\/li>\n<li>Interpretaci\u00f3n simult\u00e1nea en l\u00ednea para el FESU (<span style=\"color: #ffffff;\"><a style=\"color: #ffffff;\" href=\"https:\/\/efus.eu\" target=\"_blank\" rel=\"noopener\">Foro Europeo para la Seguridad Urbana<\/a><\/span>). Idiomas interpretados: franc\u00e9s e ingl\u00e9s en varios encuentros con Teams y nuestra soluci\u00f3n con aplicaci\u00f3n m\u00f3vil.<\/li>\n<\/ul>\n<h6 style=\"text-align: right;\"><strong><a href=\"https:\/\/www.pexels.com\/photo\/close-up-photo-of-headset-4672949\/\">Copyright foto: Ann H on Pexels<\/a><\/strong><\/h6>\n","protected":false},"excerpt":{"rendered":"<p>Nuestra agencia de int\u00e9rpretes se especializa en la interpretaci\u00f3n simult\u00e1nea remota. Estos \u00faltimos meses, muchos eventos europeos o internacionales han sido organizados en l\u00ednea: reuniones de trabajo en grupos peque\u00f1os con 2 idiomas en Zoom, asambleas generales en 5 idiomas con 150 participantes en 4 continentes con necesidad de votar mociones en directo, reuniones de [&hellip;]<\/p>\n","protected":false},"author":2,"featured_media":15342,"parent":15412,"menu_order":7,"comment_status":"closed","ping_status":"closed","template":"page-landing.php","meta":{"_acf_changed":false,"footnotes":""},"class_list":["post-15571","page","type-page","status-publish","has-post-thumbnail","hentry"],"acf":[],"_links":{"self":[{"href":"https:\/\/www.colingua.be\/es\/wp-json\/wp\/v2\/pages\/15571"}],"collection":[{"href":"https:\/\/www.colingua.be\/es\/wp-json\/wp\/v2\/pages"}],"about":[{"href":"https:\/\/www.colingua.be\/es\/wp-json\/wp\/v2\/types\/page"}],"author":[{"embeddable":true,"href":"https:\/\/www.colingua.be\/es\/wp-json\/wp\/v2\/users\/2"}],"replies":[{"embeddable":true,"href":"https:\/\/www.colingua.be\/es\/wp-json\/wp\/v2\/comments?post=15571"}],"version-history":[{"count":14,"href":"https:\/\/www.colingua.be\/es\/wp-json\/wp\/v2\/pages\/15571\/revisions"}],"predecessor-version":[{"id":16209,"href":"https:\/\/www.colingua.be\/es\/wp-json\/wp\/v2\/pages\/15571\/revisions\/16209"}],"up":[{"embeddable":true,"href":"https:\/\/www.colingua.be\/es\/wp-json\/wp\/v2\/pages\/15412"}],"wp:featuredmedia":[{"embeddable":true,"href":"https:\/\/www.colingua.be\/es\/wp-json\/wp\/v2\/media\/15342"}],"wp:attachment":[{"href":"https:\/\/www.colingua.be\/es\/wp-json\/wp\/v2\/media?parent=15571"}],"curies":[{"name":"wp","href":"https:\/\/api.w.org\/{rel}","templated":true}]}}