{"id":4319,"date":"2018-01-07T17:30:20","date_gmt":"2018-01-07T16:30:20","guid":{"rendered":"https:\/\/www.colingua.be\/?page_id=4319"},"modified":"2020-04-27T08:50:31","modified_gmt":"2020-04-27T06:50:31","slug":"compromiso-social-de-nuestros-traductores-e-interpretes","status":"publish","type":"page","link":"https:\/\/www.colingua.be\/es\/nuestra-agencia-de-traduccion\/compromiso-social-de-nuestros-traductores-e-interpretes\/","title":{"rendered":"Nuestro compromiso social"},"content":{"rendered":"<p>Colingua Traducci\u00f3n es una agencia de traducci\u00f3n e interpretaci\u00f3n especializada en el deporte. Con el fin de contribuir a este sector tan importante para nuestra actividad, apoyamos a asociaciones que organizan eventos deportivos destinados a un p\u00fablico juvenil. Presentamos algunas de ellas a continuaci\u00f3n.<\/p>\n<p>Nuestra actividad no se limita al deporte. Todos los a\u00f1os participamos en la campa\u00f1a nacional de T\u00e9l\u00e9vie destinada a la recaudaci\u00f3n de fondos para la lucha contra el c\u00e1ncer en colaboraci\u00f3n con la Universidad de Lieja (Departamento de Traducci\u00f3n e Interpretaci\u00f3n). Apadrinamos al equipo de traductores que pedalea durante 24 horas por esta buena causa.<\/p>\n<div class=\"\"><\/div>\n<div class=\"\">En plena crisis del Covid-19, en colaboraci\u00f3n con la empresa de desarrollo de p\u00e1ginas web Globule Bleu, nuestro equipo de traductores e int\u00e9rpretes lanzaron la campa\u00f1a <a class=\"\" href=\"http:\/\/solidaridad-hospitales.es\/\" target=\"_blank\" rel=\"noopener\">Solidaridad-Hospitales.es<\/a>\u00a0(Espa\u00f1a), <a class=\"\" href=\"http:\/\/restecheztoi.be\/\" target=\"_blank\" rel=\"noopener\">ResteChezToi.be<\/a>\u00a0(B\u00e9lgica), <a class=\"\" href=\"http:\/\/solidarite-hospitaux.fr\/\" target=\"_blank\" rel=\"noopener\">Solidarite-Hospitaux.fr<\/a>\u00a0(Francia) para apoyar al personal sanitario.<\/div>\n","protected":false},"excerpt":{"rendered":"<p>Colingua Traducci\u00f3n es una agencia de traducci\u00f3n e interpretaci\u00f3n especializada en el deporte. Con el fin de contribuir a este sector tan importante para nuestra actividad, apoyamos a asociaciones que organizan eventos deportivos destinados a un p\u00fablico juvenil. Presentamos algunas de ellas a continuaci\u00f3n. Nuestra actividad no se limita al deporte. Todos los a\u00f1os participamos [&hellip;]<\/p>\n","protected":false},"author":2,"featured_media":14200,"parent":17281,"menu_order":0,"comment_status":"closed","ping_status":"closed","template":"page-interpretation.php","meta":{"_acf_changed":false,"footnotes":""},"class_list":["post-4319","page","type-page","status-publish","has-post-thumbnail","hentry"],"acf":[],"_links":{"self":[{"href":"https:\/\/www.colingua.be\/es\/wp-json\/wp\/v2\/pages\/4319"}],"collection":[{"href":"https:\/\/www.colingua.be\/es\/wp-json\/wp\/v2\/pages"}],"about":[{"href":"https:\/\/www.colingua.be\/es\/wp-json\/wp\/v2\/types\/page"}],"author":[{"embeddable":true,"href":"https:\/\/www.colingua.be\/es\/wp-json\/wp\/v2\/users\/2"}],"replies":[{"embeddable":true,"href":"https:\/\/www.colingua.be\/es\/wp-json\/wp\/v2\/comments?post=4319"}],"version-history":[{"count":4,"href":"https:\/\/www.colingua.be\/es\/wp-json\/wp\/v2\/pages\/4319\/revisions"}],"predecessor-version":[{"id":14221,"href":"https:\/\/www.colingua.be\/es\/wp-json\/wp\/v2\/pages\/4319\/revisions\/14221"}],"up":[{"embeddable":true,"href":"https:\/\/www.colingua.be\/es\/wp-json\/wp\/v2\/pages\/17281"}],"wp:featuredmedia":[{"embeddable":true,"href":"https:\/\/www.colingua.be\/es\/wp-json\/wp\/v2\/media\/14200"}],"wp:attachment":[{"href":"https:\/\/www.colingua.be\/es\/wp-json\/wp\/v2\/media?parent=4319"}],"curies":[{"name":"wp","href":"https:\/\/api.w.org\/{rel}","templated":true}]}}