{"id":4325,"date":"2018-01-07T21:08:08","date_gmt":"2018-01-07T20:08:08","guid":{"rendered":"https:\/\/www.colingua.be\/?page_id=4325"},"modified":"2019-12-30T16:05:21","modified_gmt":"2019-12-30T15:05:21","slug":"traduccion","status":"publish","type":"page","link":"https:\/\/www.colingua.be\/es\/traduccion\/","title":{"rendered":"Traduction"},"content":{"rendered":"<h2><strong>Nuestros <\/strong><strong>traductores <\/strong><strong>traducen exclusivamente hacia su lengua materna. Conocen bien el contexto espa\u00f1ol, latinoamericano, belga, franc\u00e9s e internacional. <\/strong><\/h2>\n<p>Traducimos para grandes multinacionales, pymes, instituciones, universidades, ONG, prensa, eventos deportivos, museos\u2026 El <strong>traductor <\/strong>que coordinar\u00e1 su proyecto le escuchar\u00e1 detenidamente y le aconsejar\u00e1, si necesario. No nos limitamos a enviar <strong>su traducci\u00f3n<\/strong> a un traductor aut\u00f3nomo. Su proyecto ser\u00e1 gestionado de principio a fin por una persona de contacto, garantizando la transmisi\u00f3n del contenido y el efecto deseado en las diferentes versiones ling\u00fc\u00edsticas a trav\u00e9s de textos de calidad, listos para publicar.<\/p>\n<p>Nuestra empresa de traducci\u00f3n ofrece los idiomas principales de la Uni\u00f3n Europea (traducciones al ingl\u00e9s, franc\u00e9s, espa\u00f1ol, alem\u00e1n, italiano, neerland\u00e9s\u2026), pero tambi\u00e9n puede gestionar proyectos en idiomas menos corrientes.<\/p>\n","protected":false},"excerpt":{"rendered":"<p>Nuestros traductores traducen exclusivamente hacia su lengua materna. Conocen bien el contexto espa\u00f1ol, latinoamericano, belga, franc\u00e9s e internacional. Traducimos para grandes multinacionales, pymes, instituciones, universidades, ONG, prensa, eventos deportivos, museos\u2026 El traductor que coordinar\u00e1 su proyecto le escuchar\u00e1 detenidamente y le aconsejar\u00e1, si necesario. No nos limitamos a enviar su traducci\u00f3n a un traductor aut\u00f3nomo. [&hellip;]<\/p>\n","protected":false},"author":2,"featured_media":11742,"parent":0,"menu_order":0,"comment_status":"closed","ping_status":"closed","template":"page-traduction.php","meta":{"_acf_changed":false,"footnotes":""},"class_list":["post-4325","page","type-page","status-publish","has-post-thumbnail","hentry"],"acf":[],"_links":{"self":[{"href":"https:\/\/www.colingua.be\/es\/wp-json\/wp\/v2\/pages\/4325"}],"collection":[{"href":"https:\/\/www.colingua.be\/es\/wp-json\/wp\/v2\/pages"}],"about":[{"href":"https:\/\/www.colingua.be\/es\/wp-json\/wp\/v2\/types\/page"}],"author":[{"embeddable":true,"href":"https:\/\/www.colingua.be\/es\/wp-json\/wp\/v2\/users\/2"}],"replies":[{"embeddable":true,"href":"https:\/\/www.colingua.be\/es\/wp-json\/wp\/v2\/comments?post=4325"}],"version-history":[{"count":8,"href":"https:\/\/www.colingua.be\/es\/wp-json\/wp\/v2\/pages\/4325\/revisions"}],"predecessor-version":[{"id":5521,"href":"https:\/\/www.colingua.be\/es\/wp-json\/wp\/v2\/pages\/4325\/revisions\/5521"}],"wp:featuredmedia":[{"embeddable":true,"href":"https:\/\/www.colingua.be\/es\/wp-json\/wp\/v2\/media\/11742"}],"wp:attachment":[{"href":"https:\/\/www.colingua.be\/es\/wp-json\/wp\/v2\/media?parent=4325"}],"curies":[{"name":"wp","href":"https:\/\/api.w.org\/{rel}","templated":true}]}}