{"id":4365,"date":"2018-01-11T17:58:08","date_gmt":"2018-01-11T16:58:08","guid":{"rendered":"https:\/\/www.colingua.be\/?page_id=4365"},"modified":"2022-01-15T13:58:44","modified_gmt":"2022-01-15T12:58:44","slug":"interpretacion-de-conferencias","status":"publish","type":"page","link":"https:\/\/www.colingua.be\/es\/interpretacion-de-conferencias\/","title":{"rendered":"Interpretaci\u00f3n"},"content":{"rendered":"<h2>Nuestros int\u00e9rpretes de conferencia trabajan en congresos o en eventos de 2 a 2000 personas. O m\u00e1s\u2026<\/h2>\n<p>Si lo desea, nuestros int\u00e9rpretes pueden asesorarle a la hora de definir sus necesidades en materia de interpretaci\u00f3n. \u00bfCu\u00e1l es nuestro valor a\u00f1adido? Somos int\u00e9rpretes en activo y, por lo tanto, conocemos de primera mano las necesidades, las expectativas y las preocupaciones de nuestros clientes. Otra garant\u00eda adicional de calidad: los int\u00e9rpretes que componen nuestros equipos son compa\u00f1eros de la profesi\u00f3n que conocemos personalmente.<\/p>\n","protected":false},"excerpt":{"rendered":"<p>Nuestros int\u00e9rpretes de conferencia trabajan en congresos o en eventos de 2 a 2000 personas. O m\u00e1s\u2026 Si lo desea, nuestros int\u00e9rpretes pueden asesorarle a la hora de definir sus necesidades en materia de interpretaci\u00f3n. \u00bfCu\u00e1l es nuestro valor a\u00f1adido? Somos int\u00e9rpretes en activo y, por lo tanto, conocemos de primera mano las necesidades, las [&hellip;]<\/p>\n","protected":false},"author":2,"featured_media":11767,"parent":0,"menu_order":0,"comment_status":"closed","ping_status":"closed","template":"page-interpretation.php","meta":{"_acf_changed":false,"footnotes":""},"class_list":["post-4365","page","type-page","status-publish","has-post-thumbnail","hentry"],"acf":[],"_links":{"self":[{"href":"https:\/\/www.colingua.be\/es\/wp-json\/wp\/v2\/pages\/4365"}],"collection":[{"href":"https:\/\/www.colingua.be\/es\/wp-json\/wp\/v2\/pages"}],"about":[{"href":"https:\/\/www.colingua.be\/es\/wp-json\/wp\/v2\/types\/page"}],"author":[{"embeddable":true,"href":"https:\/\/www.colingua.be\/es\/wp-json\/wp\/v2\/users\/2"}],"replies":[{"embeddable":true,"href":"https:\/\/www.colingua.be\/es\/wp-json\/wp\/v2\/comments?post=4365"}],"version-history":[{"count":16,"href":"https:\/\/www.colingua.be\/es\/wp-json\/wp\/v2\/pages\/4365\/revisions"}],"predecessor-version":[{"id":15555,"href":"https:\/\/www.colingua.be\/es\/wp-json\/wp\/v2\/pages\/4365\/revisions\/15555"}],"wp:featuredmedia":[{"embeddable":true,"href":"https:\/\/www.colingua.be\/es\/wp-json\/wp\/v2\/media\/11767"}],"wp:attachment":[{"href":"https:\/\/www.colingua.be\/es\/wp-json\/wp\/v2\/media?parent=4365"}],"curies":[{"name":"wp","href":"https:\/\/api.w.org\/{rel}","templated":true}]}}