{"id":5969,"date":"2018-08-01T17:38:24","date_gmt":"2018-08-01T15:38:24","guid":{"rendered":"https:\/\/www.colingua.be\/?page_id=5969"},"modified":"2020-04-22T12:03:05","modified_gmt":"2020-04-22T10:03:05","slug":"alquiler-kits-de-cabinas-de-interpretacion","status":"publish","type":"page","link":"https:\/\/www.colingua.be\/es\/alquiler-de-material-de-interpretacion-traduccion-en-belgica\/alquiler-kits-de-cabinas-de-interpretacion\/","title":{"rendered":"cabinas en kit"},"content":{"rendered":"<p><strong>Todo lo que siempre quiso saber sobre las cabinas de interpretaci\u00f3n<\/strong><\/p>\n<p>1. Una <strong>cabina m\u00f3vil<\/strong> tambi\u00e9n conocida como \u201c<strong>cabina de traducci\u00f3n<\/strong>\u201d o \u201c<strong>cabina de interpretaci\u00f3n<\/strong>\u201d est\u00e1ndar para dos <strong>int\u00e9rpretes<\/strong> mide 170 cm de ancho y 200 cm de alto. Tambi\u00e9n es posible montar cabinas m\u00e1s grandes para tres int\u00e9rpretes.<\/p>\n<p>2. Una <strong>cabina m\u00f3vil<\/strong> est\u00e1ndar est\u00e1 compuesta por 8 paneles verticales, 2 paneles para el techo y una tableta para las <strong>consolas (micr\u00f3fonos) de los int\u00e9rpretes<\/strong>, la documentaci\u00f3n, los ordenadores, etc.<\/p>\n<p>3. \u00a1Una <strong>cabina de interpretaci\u00f3n<\/strong> pesa alrededor de 200 kg!<\/p>\n<p>4. Se puede instalar una <strong>cabina de interpretaci\u00f3n<\/strong> equipada y 50 receptores \/ auriculares en tan solo 1 hora, si nuestro t\u00e9cnico puede conectarse al sistema de sonorizaci\u00f3n de la sala, o 2 horas si debe instalar micr\u00f3fonos y altavoces.<\/p>\n<p>5. Se pueden instalar las <strong>cabinas de interpretaci\u00f3n<\/strong> pr\u00e1cticamente en cualquier lugar siempre y cuando el suelo sea plano y el acceso lo permita. Nuestros t\u00e9cnicos cuentan con una amplia experiencia en la instalaci\u00f3n de <strong>cabinas en hoteles<\/strong>, <strong>palacios de congresos<\/strong> y centros de exposiciones (v\u00e9ase la fotograf\u00eda del centro de conferencias The Event Lounge en Bruselas), pero incluso en salas que forman parte del patrimonio protegido.<\/p>\n<div style=\"width: 640px;\" class=\"wp-video\"><!--[if lt IE 9]><script>document.createElement('video');<\/script><![endif]-->\n<video class=\"wp-video-shortcode\" id=\"video-5969-1\" width=\"640\" height=\"360\" poster=\"https:\/\/www.colingua.be\/wp-content\/uploads\/2020\/04\/Colingua-Video-Montaje-Cabina-Interpretes-La-Boverie-ES.jpg\" preload=\"metadata\" controls=\"controls\"><source type=\"video\/mp4\" src=\"https:\/\/www.colingua.be\/wp-content\/uploads\/2020\/04\/Colingua-PUB-Timelapse-Cabine-Interpretation-ES.mp4?_=1\" \/><a href=\"https:\/\/www.colingua.be\/wp-content\/uploads\/2020\/04\/Colingua-PUB-Timelapse-Cabine-Interpretation-ES.mp4\">https:\/\/www.colingua.be\/wp-content\/uploads\/2020\/04\/Colingua-PUB-Timelapse-Cabine-Interpretation-ES.mp4<\/a><\/video><\/div>\n<p>&nbsp;<\/p>\n","protected":false},"excerpt":{"rendered":"<p>Todo lo que siempre quiso saber sobre las cabinas de interpretaci\u00f3n 1. Una cabina m\u00f3vil tambi\u00e9n conocida como \u201ccabina de traducci\u00f3n\u201d o \u201ccabina de interpretaci\u00f3n\u201d est\u00e1ndar para dos int\u00e9rpretes mide 170 cm de ancho y 200 cm de alto. Tambi\u00e9n es posible montar cabinas m\u00e1s grandes para tres int\u00e9rpretes. 2. Una cabina m\u00f3vil est\u00e1ndar est\u00e1 [&hellip;]<\/p>\n","protected":false},"author":2,"featured_media":5014,"parent":4507,"menu_order":0,"comment_status":"closed","ping_status":"closed","template":"page-landing.php","meta":{"_acf_changed":false,"footnotes":""},"class_list":["post-5969","page","type-page","status-publish","has-post-thumbnail","hentry"],"acf":[],"_links":{"self":[{"href":"https:\/\/www.colingua.be\/es\/wp-json\/wp\/v2\/pages\/5969"}],"collection":[{"href":"https:\/\/www.colingua.be\/es\/wp-json\/wp\/v2\/pages"}],"about":[{"href":"https:\/\/www.colingua.be\/es\/wp-json\/wp\/v2\/types\/page"}],"author":[{"embeddable":true,"href":"https:\/\/www.colingua.be\/es\/wp-json\/wp\/v2\/users\/2"}],"replies":[{"embeddable":true,"href":"https:\/\/www.colingua.be\/es\/wp-json\/wp\/v2\/comments?post=5969"}],"version-history":[{"count":9,"href":"https:\/\/www.colingua.be\/es\/wp-json\/wp\/v2\/pages\/5969\/revisions"}],"predecessor-version":[{"id":14090,"href":"https:\/\/www.colingua.be\/es\/wp-json\/wp\/v2\/pages\/5969\/revisions\/14090"}],"up":[{"embeddable":true,"href":"https:\/\/www.colingua.be\/es\/wp-json\/wp\/v2\/pages\/4507"}],"wp:featuredmedia":[{"embeddable":true,"href":"https:\/\/www.colingua.be\/es\/wp-json\/wp\/v2\/media\/5014"}],"wp:attachment":[{"href":"https:\/\/www.colingua.be\/es\/wp-json\/wp\/v2\/media?parent=5969"}],"curies":[{"name":"wp","href":"https:\/\/api.w.org\/{rel}","templated":true}]}}