{"id":12852,"date":"2020-01-24T12:57:11","date_gmt":"2020-01-24T11:57:11","guid":{"rendered":"https:\/\/www.colingua.be\/?page_id=12852"},"modified":"2023-02-03T15:40:01","modified_gmt":"2023-02-03T14:40:01","slug":"des-interpretes-de-conferences-a-bruxelles","status":"publish","type":"page","link":"https:\/\/www.colingua.be\/fr\/interpretation\/des-interpretes-de-conferences-a-bruxelles\/","title":{"rendered":"Des interpr\u00e8tes de conf\u00e9rences \u00e0 Bruxelles"},"content":{"rendered":"<p><span style=\"color: #333333;\">S&rsquo;il est vrai que nos <span style=\"color: #ffffff;\"><a style=\"color: #ffffff;\" href=\"https:\/\/www.colingua.be\/fr\/interpretation\/\"><strong>interpr\u00e8tes de conf\u00e9rences<\/strong><\/a><\/span> fr\u00e9quentent r\u00e9guli\u00e8rement <span style=\"color: #000000;\">le <span style=\"color: #ffffff;\"><strong><a style=\"color: #ffffff;\" href=\"https:\/\/www.colingua.be\/fr\/interpretation\/des-interpretes-au-niveau-europeen\/\">quartier Schumann \u00e0 Bruxelles<\/a><\/strong><\/span><\/span><span style=\"color: #000000;\">,<\/span> notre \u00e9quipe est aussi compos\u00e9e d&rsquo;<span style=\"color: #ffffff;\"><a style=\"color: #ffffff;\" href=\"https:\/\/www.colingua.be\/fr\/agence-de-traduction\/\"><strong>interpr\u00e8tes bruxellois<\/strong><\/a><\/span>\u00a0connaissant les rouages des institutions bruxelloises. L&rsquo;interpr\u00e9tation simultan\u00e9e n\u00e9erlandais &lt;&gt; fran\u00e7ais est d&rsquo;ailleurs un march\u00e9 important pour notre soci\u00e9t\u00e9.<\/span><\/p>\n<p><span style=\"color: #333333;\">Dans la capitale, Colingua est synonyme de qualit\u00e9. Notre <span style=\"color: #ffffff;\"><strong>agence d&rsquo;interpr\u00e8tes situ\u00e9e \u00e0 Bruxelles<\/strong><\/span> est d&rsquo;ailleurs fournisseur officiel de lieux de congr\u00e8s prestigieux tels que le <span style=\"color: #ffffff;\"><a style=\"color: #ffffff;\" href=\"https:\/\/www.colingua.be\/fr\/interpretes-officiels-square-bruxelles\/\">Square Brussels<\/a><\/span>, la <span style=\"color: #ffffff;\"><a style=\"color: #ffffff;\" href=\"https:\/\/www.colingua.be\/fr\/interpretes-de-la-bibliotheque-solvay-a-bruxelles\/\">Biblioth\u00e8que Solvay<\/a><\/span> ou le <a style=\"color: #333333;\" href=\"https:\/\/www.colingua.be\/fr\/bureau-de-traduction-espagnol-bruxelles-naturgy-2019\/\"><span style=\"color: #ffffff;\">Concert Noble<\/span><\/a>.<\/span><\/p>\n<p><span style=\"color: #333333;\">Chez Colingua, vous serez toujours en contact avec un traducteur &#8211;\u00a0interpr\u00e8te qui vous conseillera pour que la diversit\u00e9 linguistique de votre \u00e9v\u00e9nement ne soit pas un obstacle. Notre \u00e9quipe tentera toujours de r\u00e9pondre pr\u00e9cis\u00e9ment \u00e0 vos questions sur les <span style=\"color: #ffffff;\"><a style=\"color: #ffffff;\" href=\"https:\/\/www.colingua.be\/fr\/materiel-interpretation-conferences\/cabines-interpretation-conferences\/\"><strong><span style=\"color: #ffffff;\">cabines d&rsquo;interpr\u00e9tation<\/span><\/strong><\/a><\/span>\u00a0ou la mani\u00e8re de travailler en plusieurs langues, par exemple.<\/span><\/p>\n<p><span style=\"color: #333333;\">Cette approche a conduit notre<strong>\u00a0<span style=\"color: #ffffff;\">agence d&rsquo;interpr\u00e8tes de Bruxelles<\/span><\/strong>\u00a0\u00e0 travailler pour de nombreux clients bruxellois, dont :<\/span><\/p>\n<ul>\n<li><span style=\"color: #ffffff;\"><a style=\"color: #ffffff;\" href=\"https:\/\/www.colingua.be\/fr\/interpretes-pour-bruxelles-mobilite\/\">Bruxelles Mobilit\u00e9<\/a><\/span><\/li>\n<li><span style=\"color: #ffffff;\"><a style=\"color: #ffffff;\" href=\"https:\/\/www.colingua.be\/fr\/interpretation-mobile-avec-bidule-pour-le-ceraa-bruxelles\/\">CERRAA asbl<\/a><\/span><\/li>\n<li><span style=\"color: #ffffff;\"><a style=\"color: #ffffff;\" href=\"https:\/\/www.colingua.be\/fr\/agence-d-interpretes-de-conferences-a-bruxelles\/\">Urban Brussels<\/a><\/span><\/li>\n<li><span style=\"color: #ffffff;\"><a style=\"color: #ffffff;\" href=\"https:\/\/www.colingua.be\/fr\/bureau-interpretes-bruxelles-erap\/\">ERAP (Ecole R\u00e9gionale d&rsquo;Administration Publique)<\/a><\/span><\/li>\n<li><span style=\"color: #ffffff;\"><a style=\"color: #ffffff;\" href=\"https:\/\/www.colingua.be\/fr\/bureau-traduction-interpretation-a-bruxelles-bsi\/\">BSI (Brussels Studies Institute)<\/a><\/span><\/li>\n<\/ul>\n<p><span style=\"color: #ffffff;\"><a style=\"color: #ffffff;\" href=\"https:\/\/www.colingua.be\/fr\/materiel-interpretation-conferences\/cabines-interpretation-conferences-mobiles\/\"><strong>D\u00e9couvrez nos cabines d\u2019interpr\u00e8tes<\/strong><\/a><\/span><\/p>\n<p>Illustration :\u00a0\u00a9Colingua au Th\u00e9\u00e2tre des Galeries<\/p>\n","protected":false},"excerpt":{"rendered":"<p>S&rsquo;il est vrai que nos interpr\u00e8tes de conf\u00e9rences fr\u00e9quentent r\u00e9guli\u00e8rement le quartier Schumann \u00e0 Bruxelles, notre \u00e9quipe est aussi compos\u00e9e d&rsquo;interpr\u00e8tes bruxellois\u00a0connaissant les rouages des institutions bruxelloises. L&rsquo;interpr\u00e9tation simultan\u00e9e n\u00e9erlandais &lt;&gt; fran\u00e7ais est d&rsquo;ailleurs un march\u00e9 important pour notre soci\u00e9t\u00e9. Dans la capitale, Colingua est synonyme de qualit\u00e9. Notre agence d&rsquo;interpr\u00e8tes situ\u00e9e \u00e0 Bruxelles est [&hellip;]<\/p>\n","protected":false},"author":2,"featured_media":12847,"parent":8,"menu_order":0,"comment_status":"closed","ping_status":"closed","template":"page-landing.php","meta":{"_acf_changed":false,"footnotes":""},"class_list":["post-12852","page","type-page","status-publish","has-post-thumbnail","hentry"],"acf":[],"_links":{"self":[{"href":"https:\/\/www.colingua.be\/fr\/wp-json\/wp\/v2\/pages\/12852"}],"collection":[{"href":"https:\/\/www.colingua.be\/fr\/wp-json\/wp\/v2\/pages"}],"about":[{"href":"https:\/\/www.colingua.be\/fr\/wp-json\/wp\/v2\/types\/page"}],"author":[{"embeddable":true,"href":"https:\/\/www.colingua.be\/fr\/wp-json\/wp\/v2\/users\/2"}],"replies":[{"embeddable":true,"href":"https:\/\/www.colingua.be\/fr\/wp-json\/wp\/v2\/comments?post=12852"}],"version-history":[{"count":26,"href":"https:\/\/www.colingua.be\/fr\/wp-json\/wp\/v2\/pages\/12852\/revisions"}],"predecessor-version":[{"id":21074,"href":"https:\/\/www.colingua.be\/fr\/wp-json\/wp\/v2\/pages\/12852\/revisions\/21074"}],"up":[{"embeddable":true,"href":"https:\/\/www.colingua.be\/fr\/wp-json\/wp\/v2\/pages\/8"}],"wp:featuredmedia":[{"embeddable":true,"href":"https:\/\/www.colingua.be\/fr\/wp-json\/wp\/v2\/media\/12847"}],"wp:attachment":[{"href":"https:\/\/www.colingua.be\/fr\/wp-json\/wp\/v2\/media?parent=12852"}],"curies":[{"name":"wp","href":"https:\/\/api.w.org\/{rel}","templated":true}]}}