{"id":12969,"date":"2020-01-24T16:24:53","date_gmt":"2020-01-24T15:24:53","guid":{"rendered":"https:\/\/www.colingua.be\/?page_id=12969"},"modified":"2023-02-03T16:26:24","modified_gmt":"2023-02-03T15:26:24","slug":"salles-de-reunion-et-materiel-d-interpertation-a-liege","status":"publish","type":"page","link":"https:\/\/www.colingua.be\/fr\/interpretation\/interpretes-de-conferences-a-liege\/salles-de-reunion-et-materiel-d-interpertation-a-liege\/","title":{"rendered":"Des salles de r\u00e9unions \u00e0 Li\u00e8ge"},"content":{"rendered":"<p>Voici une liste non exhaustive de <span style=\"color: #ffffff;\"><strong>salles de r\u00e9unions ou de conf\u00e9rences \u00e0 Li\u00e8ge<\/strong><\/span> o\u00f9 nos \u00e9quipes d&rsquo;<span style=\"color: #ffffff;\"><a style=\"color: #ffffff;\" href=\"https:\/\/www.colingua.be\/fr\/interpretation\/\"><strong>interpr\u00e8tes de conf\u00e9rences<\/strong><\/a><\/span> ont d\u00e9j\u00e0 travaill\u00e9 et o\u00f9 nous avons install\u00e9 des <span style=\"color: #ffffff;\"><a style=\"color: #ffffff;\" href=\"https:\/\/www.colingua.be\/fr\/materiel-interpretation-conferences\/cabines-interpretation-conferences-mobiles\/\"><strong>cabines d&rsquo;interpr\u00e9tation temporaires<\/strong><\/a><\/span>.<\/p>\n<p><strong><span style=\"color: #ffffff;\"><em>Salles d\u00e9j\u00e0 \u00e9quip\u00e9es de mat\u00e9riel d&rsquo;interpr\u00e9tation<\/em><\/span>\u00a0<\/strong><\/p>\n<p>Palais des congr\u00e8s de Li\u00e8ge<\/p>\n<ul>\n<li>Salles Rogier, Europe et Elisabeth : ces trois salles disposent de cabines \u00e9quip\u00e9es<\/li>\n<li>Salles Mosane : ces salles peuvent \u00eatre \u00e9quipe avec une cabine mobile<\/li>\n<li>ULi\u00e8ge : Section Langues, B\u00e2timent L5, Rue de Pitteurs<\/li>\n<\/ul>\n<p>&nbsp;<\/p>\n<p><strong><span style=\"color: #ffffff;\"><em>Salles o\u00f9 Colingua a d\u00e9j\u00e0 install\u00e9 une ou des cabines d&rsquo;interpr\u00e8tes<\/em><\/span>\u00a0<\/strong><\/p>\n<p>Universit\u00e9 de Li\u00e8ge<\/p>\n<ul>\n<li>Complexe Op\u00e9ra : Salle Noppius, Salle Bovy<\/li>\n<li>XX Ao\u00fbt : Salle Acad\u00e9mique, Salle Gothot, Salles des Professeurs, Salle Lejeune<\/li>\n<li>XX Ao\u00fbt : les salles Pousseur et Thiry ne peuvent pas accueillir de cabine<\/li>\n<li>Sart Tilman : Fac de Droit,\u00a0Amphit\u00e9\u00e2tres de l&rsquo;Europe &#8211; B\u00e2t. B4<\/li>\n<li>HEC Li\u00e8ge : Amphith\u00e9\u00e2tre \u00e0 la Rue Louvrex<\/li>\n<li>CHU Li\u00e8ge : Salle Roskam, Salle\u00a0Bacq &amp; Florkin<\/li>\n<li>Ch\u00e2teau de Colonster<\/li>\n<li>CHC Citadelle, \u00a0Salle Saint Lambert : cette salle dispose d&rsquo;une cabine vide que nous pouvons \u00e9quiper)<\/li>\n<\/ul>\n<p>Ville de Li\u00e8ge<\/p>\n<ul>\n<li>H\u00f4tel de Ville, 1er \u00e9tage<\/li>\n<\/ul>\n<p>Op\u00e9ra Royal de Wallonie-Li\u00e8ge<\/p>\n<p>Province de Li\u00e8ge :<\/p>\n<ul>\n<li>Palais Provincial<\/li>\n<\/ul>\n<p>Cit\u00e9 Miroir<\/p>\n<ul>\n<li>Salle Francisco Ferrer<\/li>\n<li>Salon des Lumi\u00e8res<\/li>\n<\/ul>\n<p>Vertbois &#8211; Comit\u00e9 \u00c9conomique et Social de Wallonie<\/p>\n<ul>\n<li>Ancienne Chapelle &#8211; Salle du CESW : cette salle dispose de cabines vides que nous pouvons \u00e9quiper<\/li>\n<\/ul>\n<p>Val Beno\u00eet<\/p>\n<ul>\n<li>Salle Millau<\/li>\n<\/ul>\n<p>H\u00f4tel\u00a0Van der Valk S\u00e9lys Li\u00e8ge (ancien Crown Plaza &#8211; Comtes de M\u00e9an)<\/p>\n<ul>\n<li>Salle de Bal<\/li>\n<li>Salles Gr\u00e9try et Nagelmackers<\/li>\n<\/ul>\n<p>Mercure Li\u00e8ge City Center<\/p>\n<ul>\n<li>Salle La Lini\u00e8re<\/li>\n<\/ul>\n<p>Caserne Fonck<\/p>\n<p>M\u00e9dia Rives<\/p>\n<ul>\n<li>RTBF &#8211; Studio 40<\/li>\n<\/ul>\n<p>BluePoint Li\u00e8ge<\/p>\n<p><span style=\"color: #ffffff;\"><a style=\"color: #ffffff;\" href=\"https:\/\/www.colingua.be\/fr\/materiel-interpretation-conferences\/cabines-interpretation-conferences-mobiles\/\"><strong>D\u00e9couvrez nos cabines d\u2019interpr\u00e8tes<\/strong><\/a><\/span><\/p>\n<p>Illustration :\u00a0\u00a9Colingua cabine mobile dans la \u00a0Salle Acad\u00e9mique de l&rsquo;Universit\u00e9 de Li\u00e8ge<\/p>\n","protected":false},"excerpt":{"rendered":"<p>Voici une liste non exhaustive de salles de r\u00e9unions ou de conf\u00e9rences \u00e0 Li\u00e8ge o\u00f9 nos \u00e9quipes d&rsquo;interpr\u00e8tes de conf\u00e9rences ont d\u00e9j\u00e0 travaill\u00e9 et o\u00f9 nous avons install\u00e9 des cabines d&rsquo;interpr\u00e9tation temporaires. Salles d\u00e9j\u00e0 \u00e9quip\u00e9es de mat\u00e9riel d&rsquo;interpr\u00e9tation\u00a0 Palais des congr\u00e8s de Li\u00e8ge Salles Rogier, Europe et Elisabeth : ces trois salles disposent de cabines [&hellip;]<\/p>\n","protected":false},"author":2,"featured_media":13012,"parent":12935,"menu_order":0,"comment_status":"closed","ping_status":"closed","template":"page-landing.php","meta":{"_acf_changed":false,"footnotes":""},"class_list":["post-12969","page","type-page","status-publish","has-post-thumbnail","hentry"],"acf":[],"_links":{"self":[{"href":"https:\/\/www.colingua.be\/fr\/wp-json\/wp\/v2\/pages\/12969"}],"collection":[{"href":"https:\/\/www.colingua.be\/fr\/wp-json\/wp\/v2\/pages"}],"about":[{"href":"https:\/\/www.colingua.be\/fr\/wp-json\/wp\/v2\/types\/page"}],"author":[{"embeddable":true,"href":"https:\/\/www.colingua.be\/fr\/wp-json\/wp\/v2\/users\/2"}],"replies":[{"embeddable":true,"href":"https:\/\/www.colingua.be\/fr\/wp-json\/wp\/v2\/comments?post=12969"}],"version-history":[{"count":28,"href":"https:\/\/www.colingua.be\/fr\/wp-json\/wp\/v2\/pages\/12969\/revisions"}],"predecessor-version":[{"id":21080,"href":"https:\/\/www.colingua.be\/fr\/wp-json\/wp\/v2\/pages\/12969\/revisions\/21080"}],"up":[{"embeddable":true,"href":"https:\/\/www.colingua.be\/fr\/wp-json\/wp\/v2\/pages\/12935"}],"wp:featuredmedia":[{"embeddable":true,"href":"https:\/\/www.colingua.be\/fr\/wp-json\/wp\/v2\/media\/13012"}],"wp:attachment":[{"href":"https:\/\/www.colingua.be\/fr\/wp-json\/wp\/v2\/media?parent=12969"}],"curies":[{"name":"wp","href":"https:\/\/api.w.org\/{rel}","templated":true}]}}