{"id":13607,"date":"2020-03-07T15:39:10","date_gmt":"2020-03-07T14:39:10","guid":{"rendered":"https:\/\/www.colingua.be\/?page_id=13607"},"modified":"2023-02-06T21:08:20","modified_gmt":"2023-02-06T20:08:20","slug":"des-traducteurs-pour-la-presse-le-lifestyle-et-la-communication","status":"publish","type":"page","link":"https:\/\/www.colingua.be\/fr\/traduction\/des-traducteurs-pour-la-presse-le-lifestyle-et-la-communication\/","title":{"rendered":"Des traducteurs pour la presse, le lifestyle et la communication"},"content":{"rendered":"<p>Qualit\u00e9. Rapidit\u00e9. Fiabilit\u00e9. Ces trois termes d\u00e9finissent le service que propose notre <span style=\"color: #ffffff;\"><a style=\"color: #ffffff;\" href=\"https:\/\/www.colingua.be\/fr\/agence-de-traduction\/\"><strong>agence de traduction<\/strong><\/a><\/span>\u00a0cinq jours par semaine \u00e0 un acteur majeur de la presse sp\u00e9cialis\u00e9e belge francophone et n\u00e9erlandophone. Depuis 2006, nos\u00a0<span style=\"color: #ffffff;\"><a style=\"color: #ffffff;\" href=\"https:\/\/www.colingua.be\/fr\/traduire-avec-colingua\/\"><strong>traducteurs (fran\u00e7ais et n\u00e9erlandais) <\/strong><\/a><\/span>travaillent quasi quotidiennement avec les r\u00e9dactions de <span style=\"color: #ffffff;\"><a style=\"color: #ffffff;\" href=\"https:\/\/www.lecho.be\/\" target=\"_blank\" rel=\"noopener\">L&rsquo;Echo<\/a><\/span> et <span style=\"color: #ffffff;\"><a style=\"color: #ffffff;\" href=\"https:\/\/www.tijd.be\/\" target=\"_blank\" rel=\"noopener\">De Tijd<\/a><\/span> et on contribu\u00e9 \u00e0 la publication de plus de 350 num\u00e9ros du magazine lifestyle <span style=\"color: #000000;\"><a style=\"color: #000000;\" href=\"http:\/\/www.sabato.be\" target=\"_blank\" rel=\"noopener\"><span style=\"color: #ffffff;\">SABATO<\/span><\/a>.<\/span><\/p>\n<p>De la presse au <em>lifestyle &#8230;\u00a0<\/em><\/p>\n<p>La qu<span style=\"color: #000000;\">alit\u00e9 de notre travail dans le secteur de la presse a attir\u00e9 l&rsquo;attention du label design belge <span style=\"color: #ffffff;\"><a style=\"color: #ffffff;\" href=\"https:\/\/www.serax.com\" target=\"_blank\" rel=\"noopener\">SERAX<\/a><\/span> p<\/span>our lequel <a href=\"https:\/\/www.colingua.be\/fr\/traducteurs-qualifies-de-serax\/\"><span style=\"color: #ffffff;\"><strong>nous traduisons r\u00e9guli\u00e8rement les nouvelles collections en fran\u00e7ais, n\u00e9erlandais, anglais, allemand<\/strong><\/span><\/a>.<\/p>\n<p>&#8230; et \u00e0 la Communication<\/p>\n<p><span style=\"color: #ffffff;\"><a style=\"color: #ffffff;\" href=\"https:\/\/www.colingua.be\/fr\/traduire-avec-colingua\/\"><strong>Traduire<\/strong><\/a><\/span>, c&rsquo;est aussi adapter son style \u00e0 son public cible. Nous traducteurs et relecteurs l&rsquo;ont bien compris. Notre travail consciencieux et \u00e0 la carte a aussi\u00a0conduit notre <span style=\"color: #ffffff;\"><a style=\"color: #ffffff;\" href=\"https:\/\/www.colingua.be\/fr\/agence-de-traduction\/\"><strong>agence de traduction<\/strong><\/a><\/span> \u00e0 travailler en \u00e9troi<span style=\"color: #000000;\">te collaboration avec plusieurs agences de communication et de web design r\u00e9put\u00e9es, dont :<\/span><\/p>\n<ul>\n<li><span style=\"color: #ffffff;\"><a style=\"color: #ffffff;\" href=\"https:\/\/www.globulebleu.com\" target=\"_blank\" rel=\"noopener\">Globule Bleu<\/a><\/span><\/li>\n<li><span style=\"color: #ffffff;\"><a style=\"color: #ffffff;\" href=\"http:\/\/www.kalamos.be\" target=\"_blank\" rel=\"noopener\">Kalamos<\/a><\/span><\/li>\n<li><span style=\"color: #ffffff;\"><a style=\"color: #ffffff;\" href=\"https:\/\/www.linkedin.com\/company\/agence15love\/\" target=\"_blank\" rel=\"noopener\">15Love<\/a><\/span><\/li>\n<li><span style=\"color: #ffffff;\"><a style=\"color: #ffffff;\" href=\"https:\/\/hungryminds.be\" target=\"_blank\" rel=\"noopener\">Hungry Minds<\/a><\/span><\/li>\n<li><span style=\"color: #ffffff;\"><a style=\"color: #ffffff;\" href=\"http:\/\/www.pixelprod.be\" target=\"_blank\" rel=\"noopener\">Pixel Prod<\/a>\u00a0<\/span><\/li>\n<\/ul>\n<p>Cr\u00e9dits photo : Ovan po<span style=\"color: #000000;\">ur <\/span><a href=\"https:\/\/www.pexels.com\" target=\"_blank\" rel=\"noopener\"><span style=\"color: #000000;\">Pexels<\/span><\/a><\/p>\n","protected":false},"excerpt":{"rendered":"<p>Qualit\u00e9. Rapidit\u00e9. Fiabilit\u00e9. Ces trois termes d\u00e9finissent le service que propose notre agence de traduction\u00a0cinq jours par semaine \u00e0 un acteur majeur de la presse sp\u00e9cialis\u00e9e belge francophone et n\u00e9erlandophone. Depuis 2006, nos\u00a0traducteurs (fran\u00e7ais et n\u00e9erlandais) travaillent quasi quotidiennement avec les r\u00e9dactions de L&rsquo;Echo et De Tijd et on contribu\u00e9 \u00e0 la publication de plus [&hellip;]<\/p>\n","protected":false},"author":2,"featured_media":13616,"parent":10,"menu_order":0,"comment_status":"closed","ping_status":"closed","template":"page-landing.php","meta":{"_acf_changed":false,"footnotes":""},"class_list":["post-13607","page","type-page","status-publish","has-post-thumbnail","hentry"],"acf":[],"_links":{"self":[{"href":"https:\/\/www.colingua.be\/fr\/wp-json\/wp\/v2\/pages\/13607"}],"collection":[{"href":"https:\/\/www.colingua.be\/fr\/wp-json\/wp\/v2\/pages"}],"about":[{"href":"https:\/\/www.colingua.be\/fr\/wp-json\/wp\/v2\/types\/page"}],"author":[{"embeddable":true,"href":"https:\/\/www.colingua.be\/fr\/wp-json\/wp\/v2\/users\/2"}],"replies":[{"embeddable":true,"href":"https:\/\/www.colingua.be\/fr\/wp-json\/wp\/v2\/comments?post=13607"}],"version-history":[{"count":21,"href":"https:\/\/www.colingua.be\/fr\/wp-json\/wp\/v2\/pages\/13607\/revisions"}],"predecessor-version":[{"id":21195,"href":"https:\/\/www.colingua.be\/fr\/wp-json\/wp\/v2\/pages\/13607\/revisions\/21195"}],"up":[{"embeddable":true,"href":"https:\/\/www.colingua.be\/fr\/wp-json\/wp\/v2\/pages\/10"}],"wp:featuredmedia":[{"embeddable":true,"href":"https:\/\/www.colingua.be\/fr\/wp-json\/wp\/v2\/media\/13616"}],"wp:attachment":[{"href":"https:\/\/www.colingua.be\/fr\/wp-json\/wp\/v2\/media?parent=13607"}],"curies":[{"name":"wp","href":"https:\/\/api.w.org\/{rel}","templated":true}]}}