{"id":13897,"date":"2020-04-07T10:32:57","date_gmt":"2020-04-07T08:32:57","guid":{"rendered":"https:\/\/www.colingua.be\/?page_id=13897"},"modified":"2023-02-06T21:13:17","modified_gmt":"2023-02-06T20:13:17","slug":"des-traducteurs-pour-la-gastronomie-et-loenologie","status":"publish","type":"page","link":"https:\/\/www.colingua.be\/fr\/traduction\/des-traducteurs-pour-la-gastronomie-et-loenologie\/","title":{"rendered":"Des traducteurs pour la gastronomie et l&rsquo;oenologie"},"content":{"rendered":"<p>Le sens du go\u00fbt et le respect de l&rsquo;artisan. Ces quelques termes d\u00e9finissent le service que propose notre <a href=\"https:\/\/www.colingua.be\/fr\/agence-de-traduction\/\"><span style=\"color: #ffffff;\"><strong>agence de traduction<\/strong><\/span><\/a>\u00a0\u00e0 ces artisans (chocolatiers, p\u00e2tissiers, vignerons &#8230;) qui rendent notre quotidien plus doux.<\/p>\n<p>De l&rsquo;artisan local<em>\u00a0&#8230;\u00a0<\/em><\/p>\n<p>La <span style=\"color: #ffffff;\"><strong><a style=\"color: #ffffff;\" href=\"https:\/\/www.colingua.be\/fr\/traduction\/\">qu<\/a><\/strong><\/span><span style=\"color: #000000;\"><span style=\"color: #ffffff;\"><strong><a style=\"color: #ffffff;\" href=\"https:\/\/www.colingua.be\/fr\/traduction\/\">alit\u00e9 de nos traductions (anglais, n\u00e9erlandais, espagnol, italien, &#8230;)<\/a> <\/strong><\/span>a attir\u00e9 l&rsquo;attention d&rsquo;artisans derri\u00e8re des marques de renom telles que Mill\u00e9sime Chocolat ou Belgian Owl pour lesquels <\/span>nous traduisons r\u00e9guli\u00e8rement les brochures, sites web, campagnes, etc.<\/p>\n<p>&#8230; \u00e0 la multinationale<\/p>\n<p><span style=\"color: #ffffff;\"><a style=\"color: #ffffff;\" href=\"https:\/\/www.colingua.be\/fr\/traduire-avec-colingua\/\"><strong>Traduire<\/strong><\/a><\/span>, c&rsquo;est aussi adapter son style \u00e0 son public cible. Nous <span style=\"color: #ffffff;\"><strong>traducteurs\u00a0anglais, flamands et espagnols<\/strong><\/span> collaborent r\u00e9guli\u00e8rement avec Puratos, un\u00a0groupe international proposant des produits innovants destin\u00e9s aux professionnels de la boulangerie, la p\u00e2tisserie et la chocolaterie. Nos traducteurs travaillent \u00e9galement en \u00e9troite collaboration avec Vinventions (Nomacorc) depuis la cr\u00e9ation de la soci\u00e9t\u00e9 belgo-am\u00e9ricaine qui est d\u00e9sormais leader mondial dans le secteur du bouchage pour bouteilles de vin.<\/p>\n<p>Notre travail consciencieu<span style=\"color: #000000;\">x et \u00e0 la carte a conduit Colingua\u00a0\u00e0 travailler en \u00e9troite collaboration avec plusieurs acteurs de renom, dont :<\/span><\/p>\n<ul>\n<li><span style=\"color: #000000;\"><a style=\"color: #000000;\" href=\"https:\/\/www.vindeliege.be\" target=\"_blank\" rel=\"noopener\"><span style=\"color: #ffffff;\">Vin de Li\u00e8ge<\/span><\/a> &#8211; Vin de qualit\u00e9 sup\u00e9rieure\u00a0<\/span><\/li>\n<li><span style=\"color: #000000;\"><span style=\"color: #ffffff;\"><a style=\"color: #ffffff;\" href=\"https:\/\/www.millesime-chocolat.com\" target=\"_blank\" rel=\"noopener\">Mill\u00e9sime Chocolat<\/a><\/span>\u00a0&#8211; Ma\u00eetre chocolatier<\/span><\/li>\n<li><span style=\"color: #000000;\"><span style=\"color: #ffffff;\"><a style=\"color: #ffffff;\" href=\"https:\/\/www.puratos.be\/\" target=\"_blank\" rel=\"noopener\">Puratos<\/a><\/span>\u00a0&#8211; Boulangerie et patisserie<\/span><\/li>\n<li><span style=\"color: #000000;\"><span style=\"color: #ffffff;\"><a style=\"color: #ffffff;\" href=\"https:\/\/www.goosse.be\" target=\"_blank\" rel=\"noopener\">Goosse by Agron Billa<\/a><\/span>\u00a0&#8211; Traiteur professionnel<\/span><\/li>\n<li><span style=\"color: #000000;\"><span style=\"color: #ffffff;\"><a style=\"color: #ffffff;\" href=\"https:\/\/www.belgianwhisky.com\" target=\"_blank\" rel=\"noopener\">Belgian Owl<\/a><\/span> &#8211; Single Malt Whisky<\/span><\/li>\n<li><a href=\"https:\/\/www.colingua.be\/fr\/traducteurs-pour-clients-americains\/vinventions\/\"><span style=\"color: #ffffff;\">Vinventions (Nomacorc) <\/span><\/a>&#8211; secteur du vin<\/li>\n<\/ul>\n<p><span style=\"color: #000000;\">Cr\u00e9dits photo : <a style=\"color: #000000;\" href=\"https:\/\/www.pexels.com\/@bymalcolmgarret?utm_content=attributionCopyText&amp;utm_medium=referral&amp;utm_source=pexels\" target=\"_blank\" rel=\"noopener\">Malcom Garret<\/a> sur <a style=\"color: #000000;\" href=\"https:\/\/www.pexels.com\" target=\"_blank\" rel=\"noopener\">Pexels<\/a><\/span><\/p>\n","protected":false},"excerpt":{"rendered":"<p>Le sens du go\u00fbt et le respect de l&rsquo;artisan. Ces quelques termes d\u00e9finissent le service que propose notre agence de traduction\u00a0\u00e0 ces artisans (chocolatiers, p\u00e2tissiers, vignerons &#8230;) qui rendent notre quotidien plus doux. De l&rsquo;artisan local\u00a0&#8230;\u00a0 La qualit\u00e9 de nos traductions (anglais, n\u00e9erlandais, espagnol, italien, &#8230;) a attir\u00e9 l&rsquo;attention d&rsquo;artisans derri\u00e8re des marques de renom [&hellip;]<\/p>\n","protected":false},"author":2,"featured_media":13899,"parent":10,"menu_order":0,"comment_status":"closed","ping_status":"closed","template":"page-landing.php","meta":{"_acf_changed":false,"footnotes":""},"class_list":["post-13897","page","type-page","status-publish","has-post-thumbnail","hentry"],"acf":[],"_links":{"self":[{"href":"https:\/\/www.colingua.be\/fr\/wp-json\/wp\/v2\/pages\/13897"}],"collection":[{"href":"https:\/\/www.colingua.be\/fr\/wp-json\/wp\/v2\/pages"}],"about":[{"href":"https:\/\/www.colingua.be\/fr\/wp-json\/wp\/v2\/types\/page"}],"author":[{"embeddable":true,"href":"https:\/\/www.colingua.be\/fr\/wp-json\/wp\/v2\/users\/2"}],"replies":[{"embeddable":true,"href":"https:\/\/www.colingua.be\/fr\/wp-json\/wp\/v2\/comments?post=13897"}],"version-history":[{"count":16,"href":"https:\/\/www.colingua.be\/fr\/wp-json\/wp\/v2\/pages\/13897\/revisions"}],"predecessor-version":[{"id":21198,"href":"https:\/\/www.colingua.be\/fr\/wp-json\/wp\/v2\/pages\/13897\/revisions\/21198"}],"up":[{"embeddable":true,"href":"https:\/\/www.colingua.be\/fr\/wp-json\/wp\/v2\/pages\/10"}],"wp:featuredmedia":[{"embeddable":true,"href":"https:\/\/www.colingua.be\/fr\/wp-json\/wp\/v2\/media\/13899"}],"wp:attachment":[{"href":"https:\/\/www.colingua.be\/fr\/wp-json\/wp\/v2\/media?parent=13897"}],"curies":[{"name":"wp","href":"https:\/\/api.w.org\/{rel}","templated":true}]}}