{"id":14,"date":"2017-03-13T17:08:24","date_gmt":"2017-03-13T16:08:24","guid":{"rendered":"http:\/\/www.colingua.be\/?page_id=14"},"modified":"2018-08-04T15:45:47","modified_gmt":"2018-08-04T13:45:47","slug":"contact","status":"publish","type":"page","link":"https:\/\/www.colingua.be\/fr\/contact\/","title":{"rendered":"Contact"},"content":{"rendered":"<h3>Bruxelles<\/h3>\n<p>Avenue Marius Renard 2 Bte 46<br \/>\n1070 Bruxelles<br \/>\nT\u00e9l. +32 2 318 14 84<\/p>\n<h3>Li\u00e8ge<\/h3>\n<p>Quai Mativa 59<br \/>\n4020 Li\u00e8ge<br \/>\nT\u00e9l. +32 4 366 10 22<\/p>\n","protected":false},"excerpt":{"rendered":"<p>Bruxelles Avenue Marius Renard 2 Bte 46 1070 Bruxelles T\u00e9l. +32 2 318 14 84 Li\u00e8ge Quai Mativa 59 4020 Li\u00e8ge T\u00e9l. +32 4 366 10 22<\/p>\n","protected":false},"author":1,"featured_media":0,"parent":0,"menu_order":0,"comment_status":"closed","ping_status":"closed","template":"page-contact.php","meta":{"_acf_changed":false,"footnotes":""},"class_list":["post-14","page","type-page","status-publish","hentry"],"acf":[],"_links":{"self":[{"href":"https:\/\/www.colingua.be\/fr\/wp-json\/wp\/v2\/pages\/14"}],"collection":[{"href":"https:\/\/www.colingua.be\/fr\/wp-json\/wp\/v2\/pages"}],"about":[{"href":"https:\/\/www.colingua.be\/fr\/wp-json\/wp\/v2\/types\/page"}],"author":[{"embeddable":true,"href":"https:\/\/www.colingua.be\/fr\/wp-json\/wp\/v2\/users\/1"}],"replies":[{"embeddable":true,"href":"https:\/\/www.colingua.be\/fr\/wp-json\/wp\/v2\/comments?post=14"}],"version-history":[{"count":6,"href":"https:\/\/www.colingua.be\/fr\/wp-json\/wp\/v2\/pages\/14\/revisions"}],"predecessor-version":[{"id":1450,"href":"https:\/\/www.colingua.be\/fr\/wp-json\/wp\/v2\/pages\/14\/revisions\/1450"}],"wp:attachment":[{"href":"https:\/\/www.colingua.be\/fr\/wp-json\/wp\/v2\/media?parent=14"}],"curies":[{"name":"wp","href":"https:\/\/api.w.org\/{rel}","templated":true}]}}