{"id":14851,"date":"2020-08-19T16:01:05","date_gmt":"2020-08-19T14:01:05","guid":{"rendered":"https:\/\/www.colingua.be\/?page_id=14851"},"modified":"2023-02-03T14:39:44","modified_gmt":"2023-02-03T13:39:44","slug":"plateformes-de-videoconference","status":"publish","type":"page","link":"https:\/\/www.colingua.be\/fr\/interpretation\/visioconference\/plateformes-de-videoconference\/","title":{"rendered":"Types de plateformes de visioconf\u00e9rences"},"content":{"rendered":"<p>Choisir la bonne <span style=\"color: #ffffff;\"><strong>application de visioconf\u00e9rence<\/strong><\/span> est essentiel pour le succ\u00e8s de votre visio. Nous vous guiderons pour une organisation optimale de votre \u00e9v\u00e9nement avec des <a href=\"https:\/\/www.colingua.be\/fr\/interpretation\/interpretation-simultanee-a-distance-isd\/\"><span style=\"color: #ffffff;\"><strong>interpr\u00e8tes en ligne<\/strong><\/span><\/a>.<\/p>\n<hr \/>\n<p>Ne confondez pas plateforme de visioconf\u00e9rence et plateforme d\u2019interpr\u00e9tation !<\/p>\n<p>\u2022 Vous connaissez probablement les principales plateformes de visioconf\u00e9rence, comme <span style=\"color: #ffffff;\"><strong><a style=\"color: #ffffff;\" href=\"https:\/\/meet.google.com\/?pli=1\" target=\"_blank\" rel=\"noopener\">Google Meet<\/a><\/strong><\/span>, <span style=\"color: #ffffff;\"><strong><a style=\"color: #ffffff;\" href=\"https:\/\/www.goto.com\/fr\/meeting\" target=\"_blank\" rel=\"noopener\">GoToMeeting<\/a><\/strong><\/span>, etc. Ces outils permettent d\u2019organiser des r\u00e9unions virtuelles de tr\u00e8s bonne qualit\u00e9, mais ne disposent pas de syst\u00e8me d\u2019interpr\u00e9tation int\u00e9gr\u00e9.<span class=\"Apple-converted-space\">\u00a0<\/span><\/p>\n<p>\u2022 Les outils comme <span style=\"color: #ffffff;\"><strong><a style=\"color: #ffffff;\" href=\"https:\/\/www.interactio.io\/\" target=\"_blank\" rel=\"noopener\">Interactio<\/a><\/strong><\/span>, <span style=\"color: #ffffff;\"><strong><a style=\"color: #ffffff;\" href=\"https:\/\/boostlingo.com\/\">VoiceBoxer<\/a><\/strong><\/span> ou <span style=\"color: #ffffff;\"><strong><a style=\"color: #ffffff;\" href=\"https:\/\/kudoway.com\/\" target=\"_blank\" rel=\"noopener\">Kudo<\/a><\/strong><\/span> sont pour leur part des plateformes d\u2019interpr\u00e9tation. Si ces outils sont certes moins connus du grand public, ils peuvent s\u2019av\u00e9rer tr\u00e8s efficaces dans certains cas de figure et permettre aux <strong><span style=\"color: #ffffff;\"><a style=\"color: #ffffff;\" href=\"https:\/\/www.colingua.be\/fr\/interpretation\/\">interpr\u00e8tes<\/a><\/span><\/strong> de proposer une <span style=\"color: #ffffff;\"><strong>interpr\u00e9tation simultan\u00e9e \u00e0 distance<\/strong><strong> en plusieurs langues<\/strong><\/span>. Ces outils sont toutefois moins conviviaux pour les participants, et aussi tr\u00e8s on\u00e9reux.<\/p>\n<p>\u2022 Et <span style=\"color: #ffffff;\"><strong><a style=\"color: #ffffff;\" href=\"https:\/\/zoom.us\/\" target=\"_blank\" rel=\"noopener\">ZOOM<\/a><\/strong><\/span> dans tout \u00e7a ? <span style=\"color: #ffffff;\"><strong><a style=\"color: #ffffff;\" href=\"https:\/\/www.colingua.be\/fr\/interpretes-pour-l-oim-semaine-mondiale-des-diasporas-2021\/\">Zoom est une solution de visioconf\u00e9rence adapt\u00e9e \u00e0 l\u2019interpr\u00e9tariat en ligne<\/a><\/strong><\/span>. Alliant la convivialit\u00e9 d\u2019une application de visioconf\u00e9rence traditionnelle et la possibilit\u00e9 d\u2019avoir <span style=\"color: #ffffff;\"><strong>plusieurs canaux audio pour \u00e9couter les interpr\u00e8tes<\/strong><\/span>, le tout pour un prix abordable, <span style=\"color: #ffffff;\"><strong>Zoom est probablement la meilleure solution aujourd\u2019hui<\/strong><\/span>. Nous avons d\u00e9j\u00e0 travaill\u00e9 sur des webinaires Zoom en plus de 10 langues, \u00e0 la grande satisfaction de nos clients.<\/p>\n<p>\u2022 <strong><a href=\"https:\/\/www.webex.com\/\" target=\"_blank\" rel=\"noopener\"><span style=\"color: #ffffff;\">Cisco Webex<\/span><\/a><\/strong>\u00a0dispose de canaux d&rsquo;interpr\u00e9tation int\u00e9gr\u00e9s et propose un fonctionnement similaire \u00e0 celui de Zoom. L\u2019application est reconnue pour son niveau de s\u00e9curit\u00e9 \u00e9lev\u00e9 et utilis\u00e9e dans des secteurs dits \u00ab sensibles \u00bb. WebEx est toutefois moins flexible et moins facile \u00e0 l\u2019emploi que Zoom. Nos <span style=\"color: #ffffff;\"><strong>interpr\u00e8tes utilisent r\u00e9guli\u00e8rement WebEx \u00e0 la grande satisfaction de nos clients<\/strong><\/span>.<\/p>\n<p>\u2022 <strong><span style=\"color: #ffffff;\"><a style=\"color: #ffffff;\" href=\"https:\/\/www.microsoft.com\/fr-be\/microsoft-teams\/log-in\" target=\"_blank\" rel=\"noopener\">Microsoft Teams<\/a><\/span><\/strong> a b\u00e9n\u00e9fici\u00e9 d\u2019une mise \u00e0 jour \u00e0 la fin 2022 avec l\u2019ajout de canaux d\u2019interpr\u00e9tation. Le syst\u00e8me d\u2019interpr\u00e9tation de Teams reste toutefois assez basique et ne permet pas encore de travailler dans des conditions optimales. <span class=\"Apple-converted-space\">\u00a0<\/span><\/p>\n<p>Consultez-nous pour une \u00e9valuation de vos besoins. Nous serons heureux de vous guider dans vos choix techniques.<\/p>\n","protected":false},"excerpt":{"rendered":"<p>Choisir la bonne application de visioconf\u00e9rence est essentiel pour le succ\u00e8s de votre visio. Nous vous guiderons pour une organisation optimale de votre \u00e9v\u00e9nement avec des interpr\u00e8tes en ligne. Ne confondez pas plateforme de visioconf\u00e9rence et plateforme d\u2019interpr\u00e9tation ! \u2022 Vous connaissez probablement les principales plateformes de visioconf\u00e9rence, comme Google Meet, GoToMeeting, etc. Ces outils [&hellip;]<\/p>\n","protected":false},"author":2,"featured_media":14932,"parent":14859,"menu_order":1,"comment_status":"closed","ping_status":"closed","template":"page-landing.php","meta":{"_acf_changed":false,"footnotes":""},"class_list":["post-14851","page","type-page","status-publish","has-post-thumbnail","hentry"],"acf":[],"_links":{"self":[{"href":"https:\/\/www.colingua.be\/fr\/wp-json\/wp\/v2\/pages\/14851"}],"collection":[{"href":"https:\/\/www.colingua.be\/fr\/wp-json\/wp\/v2\/pages"}],"about":[{"href":"https:\/\/www.colingua.be\/fr\/wp-json\/wp\/v2\/types\/page"}],"author":[{"embeddable":true,"href":"https:\/\/www.colingua.be\/fr\/wp-json\/wp\/v2\/users\/2"}],"replies":[{"embeddable":true,"href":"https:\/\/www.colingua.be\/fr\/wp-json\/wp\/v2\/comments?post=14851"}],"version-history":[{"count":64,"href":"https:\/\/www.colingua.be\/fr\/wp-json\/wp\/v2\/pages\/14851\/revisions"}],"predecessor-version":[{"id":21209,"href":"https:\/\/www.colingua.be\/fr\/wp-json\/wp\/v2\/pages\/14851\/revisions\/21209"}],"up":[{"embeddable":true,"href":"https:\/\/www.colingua.be\/fr\/wp-json\/wp\/v2\/pages\/14859"}],"wp:featuredmedia":[{"embeddable":true,"href":"https:\/\/www.colingua.be\/fr\/wp-json\/wp\/v2\/media\/14932"}],"wp:attachment":[{"href":"https:\/\/www.colingua.be\/fr\/wp-json\/wp\/v2\/media?parent=14851"}],"curies":[{"name":"wp","href":"https:\/\/api.w.org\/{rel}","templated":true}]}}