{"id":14859,"date":"2020-08-19T16:00:52","date_gmt":"2020-08-19T14:00:52","guid":{"rendered":"https:\/\/www.colingua.be\/?page_id=14859"},"modified":"2023-02-03T14:37:59","modified_gmt":"2023-02-03T13:37:59","slug":"visioconference","status":"publish","type":"page","link":"https:\/\/www.colingua.be\/fr\/interpretation\/visioconference\/","title":{"rendered":"Visioconf\u00e9rences multilingues"},"content":{"rendered":"<p>Vous avez d\u00e9cid\u00e9 d\u2019organiser une conf\u00e9rence en ligne mais vous ne savez pas comment vous y prendre pour la <span style=\"color: #ffffff;\"><strong><a style=\"color: #ffffff;\" href=\"https:\/\/www.colingua.be\/fr\/interpretation\/\"><em>traduction simultan\u00e9e en plusieurs langues<\/em><\/a><\/strong><\/span> ?<\/p>\n<p>Votre prochaine r\u00e9union de travail sera en visiconf\u00e9rence mais vos partenaires parlent une autre langue ?<\/p>\n<p>Vous vous demandez si des <span style=\"color: #ffffff;\"><strong><a style=\"color: #ffffff;\" href=\"https:\/\/www.colingua.be\/fr\/materiel-interpretation-conferences\/cabines-interpretation-conferences\/\">cabines d\u2019interpr\u00e9tation<\/a><\/strong><\/span> sont n\u00e9cessaires pour votre prochain webinaire multilingue ?<\/p>\n<p>Vous h\u00e9sitez entre <span style=\"color: #ffffff;\"><strong><a style=\"color: #ffffff;\" href=\"https:\/\/www.colingua.be\/fr\/interpretation\/visioconference\/interpretation-sur-zoom\/\">Zoom<\/a><\/strong><\/span>, <span style=\"color: #ffffff;\"><strong><a style=\"color: #ffffff;\" href=\"https:\/\/www.colingua.be\/fr\/interpretation\/visioconference\/linterpretation-sur-webex\/\">WebEx<\/a><\/strong><\/span>, <span style=\"color: #ffffff;\"><strong><a style=\"color: #ffffff;\" href=\"https:\/\/www.colingua.be\/fr\/interpretation\/visioconference\/plateformes-de-videoconference\/\">Teams un autre outil<\/a><\/strong><\/span> ?<\/p>\n<p><span style=\"color: #ffffff;\"><strong><a style=\"color: #ffffff;\" href=\"https:\/\/www.colingua.be\/fr\/agence-de-traduction\/\">Nos interpr\u00e8tes et notre \u00e9quipe technique<\/a><\/strong><\/span> proposent plusieurs solutions d\u2019interpr\u00e9tariat en ligne en fonction de vos besoins. Nous vous aiderons \u00e0 mettre en place l\u2019<strong><span style=\"color: #ffffff;\"><a style=\"color: #ffffff;\" href=\"https:\/\/www.colingua.be\/fr\/interpretation\/interpretation-simultanee-a-distance-isd\/\">interpr\u00e9tation simultan\u00e9e en ligne<\/a><\/span><\/strong> en plusieurs langues, comme lors d&rsquo;un \u00e9v\u00e9nement traditionnel.<\/p>\n","protected":false},"excerpt":{"rendered":"<p>Vous avez d\u00e9cid\u00e9 d\u2019organiser une conf\u00e9rence en ligne mais vous ne savez pas comment vous y prendre pour la traduction simultan\u00e9e en plusieurs langues ? Votre prochaine r\u00e9union de travail sera en visiconf\u00e9rence mais vos partenaires parlent une autre langue ? Vous vous demandez si des cabines d\u2019interpr\u00e9tation sont n\u00e9cessaires pour votre prochain webinaire multilingue [&hellip;]<\/p>\n","protected":false},"author":2,"featured_media":14902,"parent":8,"menu_order":0,"comment_status":"closed","ping_status":"closed","template":"page-landing.php","meta":{"_acf_changed":false,"footnotes":""},"class_list":["post-14859","page","type-page","status-publish","has-post-thumbnail","hentry"],"acf":[],"_links":{"self":[{"href":"https:\/\/www.colingua.be\/fr\/wp-json\/wp\/v2\/pages\/14859"}],"collection":[{"href":"https:\/\/www.colingua.be\/fr\/wp-json\/wp\/v2\/pages"}],"about":[{"href":"https:\/\/www.colingua.be\/fr\/wp-json\/wp\/v2\/types\/page"}],"author":[{"embeddable":true,"href":"https:\/\/www.colingua.be\/fr\/wp-json\/wp\/v2\/users\/2"}],"replies":[{"embeddable":true,"href":"https:\/\/www.colingua.be\/fr\/wp-json\/wp\/v2\/comments?post=14859"}],"version-history":[{"count":49,"href":"https:\/\/www.colingua.be\/fr\/wp-json\/wp\/v2\/pages\/14859\/revisions"}],"predecessor-version":[{"id":21059,"href":"https:\/\/www.colingua.be\/fr\/wp-json\/wp\/v2\/pages\/14859\/revisions\/21059"}],"up":[{"embeddable":true,"href":"https:\/\/www.colingua.be\/fr\/wp-json\/wp\/v2\/pages\/8"}],"wp:featuredmedia":[{"embeddable":true,"href":"https:\/\/www.colingua.be\/fr\/wp-json\/wp\/v2\/media\/14902"}],"wp:attachment":[{"href":"https:\/\/www.colingua.be\/fr\/wp-json\/wp\/v2\/media?parent=14859"}],"curies":[{"name":"wp","href":"https:\/\/api.w.org\/{rel}","templated":true}]}}