{"id":14945,"date":"2020-08-21T16:08:41","date_gmt":"2020-08-21T14:08:41","guid":{"rendered":"https:\/\/www.colingua.be\/?page_id=14945"},"modified":"2023-02-03T14:45:39","modified_gmt":"2023-02-03T13:45:39","slug":"interpretation-sur-zoom","status":"publish","type":"page","link":"https:\/\/www.colingua.be\/fr\/interpretation\/visioconference\/interpretation-sur-zoom\/","title":{"rendered":"L&rsquo;interpr\u00e9tation sur ZOOM"},"content":{"rendered":"<p>La plateforme am\u00e9ricaine\u00a0<span style=\"color: #ffffff;\"><strong><a style=\"color: #ffffff;\" href=\"https:\/\/zoom.us\" target=\"_blank\" rel=\"noopener\">ZOOM<\/a><\/strong><\/span>\u00a0pr\u00e9sente la particularit\u00e9 d\u2019\u00eatre un outil de\u00a0visioconf\u00e9rence\u00a0convivial et fiable. Cette application dispose d\u2019une fonctionnalit\u00e9 permettant l\u2019activation de plusieurs canaux audio en m\u00eame temps pour une\u00a0<span style=\"color: #ffffff;\"><strong><a style=\"color: #ffffff;\" href=\"https:\/\/www.colingua.be\/fr\/interpretation\/\">interpr\u00e9tation simultan\u00e9e en plusieurs langues<\/a><\/strong><\/span>.<\/p>\n<p><span style=\"color: #ffffff;\"><strong><a style=\"color: #ffffff;\" href=\"https:\/\/www.colingua.be\/fr\/agence-de-traduction\/\">Notre agence d\u2019interpr\u00e8tes<\/a><\/strong><\/span> a particip\u00e9 \u00e0 plus de<strong><span style=\"color: #ffffff;\"><a style=\"color: #ffffff;\" href=\"https:\/\/www.colingua.be\/fr\/des-visios-en-plusieurs-langues-perspetives-2022\/\"> 200 \u00e9v\u00e9nements multilingues sur Zoom<\/a><\/span><\/strong> l\u2019an dernier. La qualit\u00e9 de l\u2019outil est av\u00e9r\u00e9e.<\/p>\n<p>Nous vous conseillerons bien s\u00fbr sur la gestion de votre visio avec<strong><span style=\"color: #ffffff;\"> interpr\u00e9tation simultan\u00e9e sur Zoom<\/span><\/strong>. Si vous n\u2019avez pas de compte Zoom, nous pourrons cr\u00e9er le lien et param\u00e9trer la traduction simultan\u00e9e pour vous.<span class=\"Apple-converted-space\">\u00a0<\/span><\/p>\n<p>&nbsp;<\/p>\n","protected":false},"excerpt":{"rendered":"<p>La plateforme am\u00e9ricaine\u00a0ZOOM\u00a0pr\u00e9sente la particularit\u00e9 d\u2019\u00eatre un outil de\u00a0visioconf\u00e9rence\u00a0convivial et fiable. Cette application dispose d\u2019une fonctionnalit\u00e9 permettant l\u2019activation de plusieurs canaux audio en m\u00eame temps pour une\u00a0interpr\u00e9tation simultan\u00e9e en plusieurs langues. Notre agence d\u2019interpr\u00e8tes a particip\u00e9 \u00e0 plus de 200 \u00e9v\u00e9nements multilingues sur Zoom l\u2019an dernier. La qualit\u00e9 de l\u2019outil est av\u00e9r\u00e9e. Nous vous conseillerons [&hellip;]<\/p>\n","protected":false},"author":2,"featured_media":15012,"parent":14859,"menu_order":2,"comment_status":"closed","ping_status":"closed","template":"page-landing.php","meta":{"_acf_changed":false,"footnotes":""},"class_list":["post-14945","page","type-page","status-publish","has-post-thumbnail","hentry"],"acf":[],"_links":{"self":[{"href":"https:\/\/www.colingua.be\/fr\/wp-json\/wp\/v2\/pages\/14945"}],"collection":[{"href":"https:\/\/www.colingua.be\/fr\/wp-json\/wp\/v2\/pages"}],"about":[{"href":"https:\/\/www.colingua.be\/fr\/wp-json\/wp\/v2\/types\/page"}],"author":[{"embeddable":true,"href":"https:\/\/www.colingua.be\/fr\/wp-json\/wp\/v2\/users\/2"}],"replies":[{"embeddable":true,"href":"https:\/\/www.colingua.be\/fr\/wp-json\/wp\/v2\/comments?post=14945"}],"version-history":[{"count":32,"href":"https:\/\/www.colingua.be\/fr\/wp-json\/wp\/v2\/pages\/14945\/revisions"}],"predecessor-version":[{"id":21207,"href":"https:\/\/www.colingua.be\/fr\/wp-json\/wp\/v2\/pages\/14945\/revisions\/21207"}],"up":[{"embeddable":true,"href":"https:\/\/www.colingua.be\/fr\/wp-json\/wp\/v2\/pages\/14859"}],"wp:featuredmedia":[{"embeddable":true,"href":"https:\/\/www.colingua.be\/fr\/wp-json\/wp\/v2\/media\/15012"}],"wp:attachment":[{"href":"https:\/\/www.colingua.be\/fr\/wp-json\/wp\/v2\/media?parent=14945"}],"curies":[{"name":"wp","href":"https:\/\/api.w.org\/{rel}","templated":true}]}}