{"id":14958,"date":"2020-08-21T16:27:46","date_gmt":"2020-08-21T14:27:46","guid":{"rendered":"https:\/\/www.colingua.be\/?page_id=14958"},"modified":"2023-02-03T14:48:32","modified_gmt":"2023-02-03T13:48:32","slug":"interpretation-en-ligne-securite-et-fiabilite","status":"publish","type":"page","link":"https:\/\/www.colingua.be\/fr\/interpretation\/visioconference\/interpretation-en-ligne-securite-et-fiabilite\/","title":{"rendered":"Interpr\u00e9tation en ligne : s\u00e9curit\u00e9 et fiabilit\u00e9"},"content":{"rendered":"<p>Vous organisez une <span style=\"color: #ffffff;\"><a style=\"color: #ffffff;\" href=\"https:\/\/www.colingua.be\/fr\/des-visios-en-plusieurs-langues-perspetives-2022\/\"><strong>conf\u00e9rence ou une r\u00e9union en ligne en plusieurs langues<\/strong><\/a><\/span> ? Vous aurez certainement recours \u00e0 des <span style=\"color: #ffffff;\"><a style=\"color: #ffffff;\" href=\"https:\/\/www.colingua.be\/fr\/interpretation\/interpretation-simultanee-a-distance-isd\/\"><strong>interpr\u00e8tes de conf\u00e9rences<\/strong><\/a><\/span>.<\/p>\n<p>La plupart des outils de visioconf\u00e9rence respectent les r\u00e8gles de base en mati\u00e8re de cybers\u00e9curit\u00e9 et de protection des donn\u00e9es (RGPD). Si vous \u00eates amen\u00e9s \u00e0 utiliser une <span style=\"color: #ffffff;\"><a style=\"color: #ffffff;\" href=\"https:\/\/www.colingua.be\/fr\/interpretation\/visioconference\/plateformes-de-videoconference\/\"><strong>plateforme d&rsquo;interpr\u00e9tation<\/strong><\/a><\/span>, les m\u00eames r\u00e8gles devraient \u00eatre respect\u00e9es. Et surtout, posez-vous les bonnes questions.<\/p>\n<p><span style=\"color: #ffffff;\"><strong><a style=\"color: #ffffff;\" href=\"https:\/\/www.colingua.be\/fr\/agence-de-traduction\/\">Chez Colingua<\/a><\/strong><\/span>, nos <span style=\"color: #ffffff;\"><a style=\"color: #ffffff;\" href=\"https:\/\/www.colingua.be\/fr\/interpretation\/visioconference\/\"><strong>solutions d&rsquo;interpr\u00e9tation en ligne<\/strong><\/a><\/span> respectent les principales normes en mati\u00e8re de cybers\u00e9curit\u00e9. Nous nous soucions aussi de la protection de vos donn\u00e9es et ne transmettrons pas vos infos \u00e0 des tiers. Enfin, les r\u00e9unions virtuelles sur lesquelles nous sommes actifs peuvent \u00eatre s\u00e9curis\u00e9es, selon vos pr\u00e9f\u00e9rences, \u00e0 l&rsquo;aide de diff\u00e9rentes m\u00e9thodes : codes d&rsquo;acc\u00e8s, salle d&rsquo;attente permettant l&rsquo;identification de chaque invit\u00e9(e) ou participant(e), etc.<\/p>\n","protected":false},"excerpt":{"rendered":"<p>Vous organisez une conf\u00e9rence ou une r\u00e9union en ligne en plusieurs langues ? Vous aurez certainement recours \u00e0 des interpr\u00e8tes de conf\u00e9rences. La plupart des outils de visioconf\u00e9rence respectent les r\u00e8gles de base en mati\u00e8re de cybers\u00e9curit\u00e9 et de protection des donn\u00e9es (RGPD). Si vous \u00eates amen\u00e9s \u00e0 utiliser une plateforme d&rsquo;interpr\u00e9tation, les m\u00eames r\u00e8gles [&hellip;]<\/p>\n","protected":false},"author":2,"featured_media":15204,"parent":14859,"menu_order":8,"comment_status":"closed","ping_status":"closed","template":"page-landing.php","meta":{"_acf_changed":false,"footnotes":""},"class_list":["post-14958","page","type-page","status-publish","has-post-thumbnail","hentry"],"acf":[],"_links":{"self":[{"href":"https:\/\/www.colingua.be\/fr\/wp-json\/wp\/v2\/pages\/14958"}],"collection":[{"href":"https:\/\/www.colingua.be\/fr\/wp-json\/wp\/v2\/pages"}],"about":[{"href":"https:\/\/www.colingua.be\/fr\/wp-json\/wp\/v2\/types\/page"}],"author":[{"embeddable":true,"href":"https:\/\/www.colingua.be\/fr\/wp-json\/wp\/v2\/users\/2"}],"replies":[{"embeddable":true,"href":"https:\/\/www.colingua.be\/fr\/wp-json\/wp\/v2\/comments?post=14958"}],"version-history":[{"count":29,"href":"https:\/\/www.colingua.be\/fr\/wp-json\/wp\/v2\/pages\/14958\/revisions"}],"predecessor-version":[{"id":21065,"href":"https:\/\/www.colingua.be\/fr\/wp-json\/wp\/v2\/pages\/14958\/revisions\/21065"}],"up":[{"embeddable":true,"href":"https:\/\/www.colingua.be\/fr\/wp-json\/wp\/v2\/pages\/14859"}],"wp:featuredmedia":[{"embeddable":true,"href":"https:\/\/www.colingua.be\/fr\/wp-json\/wp\/v2\/media\/15204"}],"wp:attachment":[{"href":"https:\/\/www.colingua.be\/fr\/wp-json\/wp\/v2\/media?parent=14958"}],"curies":[{"name":"wp","href":"https:\/\/api.w.org\/{rel}","templated":true}]}}