{"id":14962,"date":"2020-08-21T16:29:36","date_gmt":"2020-08-21T14:29:36","guid":{"rendered":"https:\/\/www.colingua.be\/?page_id=14962"},"modified":"2023-02-03T14:47:52","modified_gmt":"2023-02-03T13:47:52","slug":"evenements-virtuels-avec-interpretes","status":"publish","type":"page","link":"https:\/\/www.colingua.be\/fr\/interpretation\/visioconference\/evenements-virtuels-avec-interpretes\/","title":{"rendered":"\u00c9v\u00e9nements virtuels avec nos interpr\u00e8tes"},"content":{"rendered":"<p>Notre <a href=\"https:\/\/www.colingua.be\/fr\/agence-de-traduction\/\"><strong><span style=\"color: #ffffff;\">agence d\u2019interpr\u00e8tes<\/span><\/strong><\/a> est <strong><a href=\"https:\/\/www.colingua.be\/fr\/interpretation\/interpretation-simultanee-a-distance-isd\/\"><span style=\"color: #ffffff;\">sp\u00e9cialis\u00e9e dans l\u2019interpr\u00e9tation simultan\u00e9e en ligne<\/span><\/a><\/strong>. Nos <span style=\"color: #ffffff;\"><strong><a style=\"color: #ffffff;\" href=\"https:\/\/www.colingua.be\/fr\/interpretation\/\">interpr\u00e8tes<\/a><\/strong><\/span> sont intervenus sur plus de <strong><a href=\"https:\/\/www.colingua.be\/fr\/des-visios-en-plusieurs-langues-perspetives-2022\/\"><span style=\"color: #ffffff;\">200 \u00e9v\u00e9nements virtuels<\/span><\/a><\/strong> l\u2019an dernier : des r\u00e9unions de travail sur <a href=\"https:\/\/zoom.us\/\" target=\"_blank\" rel=\"noopener\"><strong><span style=\"color: #ffffff;\">Zoom<\/span><\/strong><\/a> pour de petits groupes en 2 langues, des formations bilingues sur <span style=\"color: #ffffff;\"><strong><a style=\"color: #ffffff;\" href=\"https:\/\/www.webex.com\/\" target=\"_blank\" rel=\"noopener\">WebEx<\/a><\/strong><\/span>, des conseils d\u2019administrations et des assembl\u00e9es g\u00e9n\u00e9rales statutaires en 5 langues avec 150 participants sur 4 continents, des r\u00e9unions d\u2019experts europ\u00e9ens\u2026<\/p>\n<p>Quelques exemples valent mieux qu\u2019un long discours.<\/p>\n<p>\u2022\u00a0\u00a0\u00a0\u00a0\u00a0\u00a0\u00a0\u00a0\u00a0 IFJ (<span style=\"color: #ffffff;\"><a style=\"color: #ffffff;\" href=\"https:\/\/www.igo-ifj.be\/fr\" target=\"_blank\" rel=\"noopener\">Institut de Formation Judiciaire<\/a><\/span>)\u00a0: <span style=\"color: #ffffff;\"><strong><a style=\"color: #ffffff;\" href=\"https:\/\/www.colingua.be\/fr\/interpretation-sur-webex-ifj-2023\/\">interpr\u00e9tation simultan\u00e9e en ligne sur Webex<\/a><\/strong><\/span>. Interpr\u00e8tes fran\u00e7ais \u2013 n\u00e9erlandais.<span class=\"Apple-converted-space\">\u00a0<\/span><\/p>\n<p>\u2022\u00a0\u00a0\u00a0\u00a0\u00a0\u00a0\u00a0\u00a0\u00a0 IDDC (<a href=\"https:\/\/www.iddcconsortium.net\/\" target=\"_blank\" rel=\"noopener\"><span style=\"color: #ffffff;\">Consortium International Handicap et D\u00e9veloppement<\/span><\/a>)\u00a0: <strong><span style=\"color: #ffffff;\"><a style=\"color: #ffffff;\" href=\"https:\/\/www.colingua.be\/fr\/interpretation-simultanee-en-ligne-iddc\/\">interpr\u00e9tation en ligne sur Zoom<\/a><\/span><\/strong>. Interpr\u00e9tariat en fran\u00e7ais, anglais et espagnol.<\/p>\n<p>\u2022\u00a0\u00a0\u00a0\u00a0\u00a0\u00a0\u00a0\u00a0\u00a0 EFUS (<span style=\"color: #ffffff;\"><a style=\"color: #ffffff;\" href=\"https:\/\/efus.eu\/\" target=\"_blank\" rel=\"noopener\">Forum europ\u00e9en pour la S\u00e9curit\u00e9 urbaine<\/a><\/span>) :\u00a0<span style=\"color: #ffffff;\"><strong><a style=\"color: #ffffff;\" href=\"https:\/\/www.colingua.be\/fr\/interpretariat-en-ligne-efus\/\">interpr\u00e8tes en anglais et en fran\u00e7ais sur Zoom<\/a><\/strong><\/span>. Assembl\u00e9e g\u00e9n\u00e9rale, webinaires bilingues, formations en ligne\u2026<\/p>\n<p>\u2022\u00a0\u00a0\u00a0\u00a0\u00a0\u00a0\u00a0\u00a0\u00a0 EIP (<span style=\"color: #ffffff;\"><a style=\"color: #ffffff;\" href=\"https:\/\/www.eip.org\/\" target=\"_blank\" rel=\"noopener\">Institut europ\u00e9en de la Paix<\/a><\/span>). <span style=\"color: #ffffff;\"><a style=\"color: #ffffff;\" href=\"https:\/\/www.colingua.be\/fr\/interpretes-anglais-et-espagnols-pour-leip\/\"><strong>Interpr\u00e9tation<\/strong> simultan\u00e9e en anglais et en espagnol sur Zoom<\/a><\/span> \u00e0 l&rsquo;occasion de r\u00e9unions Europe-Am\u00e9rique Latine.<\/p>\n<h6 style=\"text-align: right;\"><a href=\"https:\/\/www.pexels.com\/photo\/close-up-photo-of-headset-4672949\/\" target=\"_blank\" rel=\"noopener\">Copyright photo: Ann H on Pexels<\/a><\/h6>\n","protected":false},"excerpt":{"rendered":"<p>Notre agence d\u2019interpr\u00e8tes est sp\u00e9cialis\u00e9e dans l\u2019interpr\u00e9tation simultan\u00e9e en ligne. Nos interpr\u00e8tes sont intervenus sur plus de 200 \u00e9v\u00e9nements virtuels l\u2019an dernier : des r\u00e9unions de travail sur Zoom pour de petits groupes en 2 langues, des formations bilingues sur WebEx, des conseils d\u2019administrations et des assembl\u00e9es g\u00e9n\u00e9rales statutaires en 5 langues avec 150 participants [&hellip;]<\/p>\n","protected":false},"author":2,"featured_media":15343,"parent":14859,"menu_order":7,"comment_status":"closed","ping_status":"closed","template":"page-landing.php","meta":{"_acf_changed":false,"footnotes":""},"class_list":["post-14962","page","type-page","status-publish","has-post-thumbnail","hentry"],"acf":[],"_links":{"self":[{"href":"https:\/\/www.colingua.be\/fr\/wp-json\/wp\/v2\/pages\/14962"}],"collection":[{"href":"https:\/\/www.colingua.be\/fr\/wp-json\/wp\/v2\/pages"}],"about":[{"href":"https:\/\/www.colingua.be\/fr\/wp-json\/wp\/v2\/types\/page"}],"author":[{"embeddable":true,"href":"https:\/\/www.colingua.be\/fr\/wp-json\/wp\/v2\/users\/2"}],"replies":[{"embeddable":true,"href":"https:\/\/www.colingua.be\/fr\/wp-json\/wp\/v2\/comments?post=14962"}],"version-history":[{"count":41,"href":"https:\/\/www.colingua.be\/fr\/wp-json\/wp\/v2\/pages\/14962\/revisions"}],"predecessor-version":[{"id":21064,"href":"https:\/\/www.colingua.be\/fr\/wp-json\/wp\/v2\/pages\/14962\/revisions\/21064"}],"up":[{"embeddable":true,"href":"https:\/\/www.colingua.be\/fr\/wp-json\/wp\/v2\/pages\/14859"}],"wp:featuredmedia":[{"embeddable":true,"href":"https:\/\/www.colingua.be\/fr\/wp-json\/wp\/v2\/media\/15343"}],"wp:attachment":[{"href":"https:\/\/www.colingua.be\/fr\/wp-json\/wp\/v2\/media?parent=14962"}],"curies":[{"name":"wp","href":"https:\/\/api.w.org\/{rel}","templated":true}]}}