{"id":158,"date":"2017-04-25T09:34:19","date_gmt":"2017-04-25T07:34:19","guid":{"rendered":"http:\/\/www.colingua.be\/?page_id=158\/"},"modified":"2023-02-06T21:16:36","modified_gmt":"2023-02-06T20:16:36","slug":"tarifs-traduction","status":"publish","type":"page","link":"https:\/\/www.colingua.be\/fr\/traduction\/tarifs-traduction\/","title":{"rendered":"Combien co\u00fbte une traduction ?"},"content":{"rendered":"<p><span style=\"color: #ffffff;\"><strong>Les explications ci-dessous vous guideront dans votre demande de devis.<\/strong><\/span><\/p>\n<ul>\n<li>Tous nos <span style=\"color: #ffffff;\"><a style=\"color: #ffffff;\" href=\"https:\/\/www.colingua.be\/fr\/traduire-avec-colingua\/\"><strong>traducteurs sont\u00a0<em>natifs<\/em><\/strong><\/a><\/span>\u00a0et traduisent uniquement vers leur langue maternelle.<\/li>\n<li>Notre m\u00e9thode de calcul est 100% math\u00e9matique et votre <span style=\"color: #ffffff;\"><strong>facture transparente<\/strong><\/span>.<\/li>\n<li><span style=\"color: #ffffff;\"><strong>Tarif<\/strong><\/span> de base 1,25 \u20ac par ligne de 60 signes (espaces compris) pour des projets non techniques et pour la <span style=\"color: #ffffff;\"><strong>traduction des langues les plus fr\u00e9quentes telles que le n\u00e9erlandais, le fran\u00e7ais ou l\u2019anglais<\/strong><\/span>. Ce tarif est bien s\u00fbr propos\u00e9 \u00e0 titre purement indicatif : un <span style=\"color: #ffffff;\">devis <\/span><strong><span style=\"color: #ffffff;\">pr\u00e9cis<\/span> <\/strong>est indispensable avant de d\u00e9buter tout projet et vous sera transmis apr\u00e8s r\u00e9ception des textes \u00e0 traduire. Le devis sera calcul\u00e9 en fonction de la technicit\u00e9 des originaux \u00e0 traduire et des langues source et cible.<\/li>\n<li>Le <strong><span style=\"color: #ffffff;\"><a style=\"color: #ffffff;\" href=\"https:\/\/www.colingua.be\/fr\/\">simulateur situ\u00e9 sur la page d&rsquo;accueil<\/a><\/span><\/strong> vous donnera une id\u00e9e approximative du <span style=\"color: #ffffff;\"><a style=\"color: #ffffff;\" href=\"https:\/\/www.colingua.be\/fr\/traduction\/\"><strong>co\u00fbt d\u2019une traduction non technique<\/strong><\/a><\/span> en diff\u00e9rentes langues. Nous vous invitions toutefois \u00e0 nous contacter pour un devis pr\u00e9cis et conna\u00eetre nos d\u00e9lais.<\/li>\n<\/ul>\n","protected":false},"excerpt":{"rendered":"<p>Les explications ci-dessous vous guideront dans votre demande de devis. Tous nos traducteurs sont\u00a0natifs\u00a0et traduisent uniquement vers leur langue maternelle. Notre m\u00e9thode de calcul est 100% math\u00e9matique et votre facture transparente. Tarif de base 1,25 \u20ac par ligne de 60 signes (espaces compris) pour des projets non techniques et pour la traduction des langues les [&hellip;]<\/p>\n","protected":false},"author":1,"featured_media":17354,"parent":10,"menu_order":0,"comment_status":"closed","ping_status":"closed","template":"page-landing.php","meta":{"_acf_changed":false,"footnotes":""},"class_list":["post-158","page","type-page","status-publish","has-post-thumbnail","hentry"],"acf":[],"_links":{"self":[{"href":"https:\/\/www.colingua.be\/fr\/wp-json\/wp\/v2\/pages\/158"}],"collection":[{"href":"https:\/\/www.colingua.be\/fr\/wp-json\/wp\/v2\/pages"}],"about":[{"href":"https:\/\/www.colingua.be\/fr\/wp-json\/wp\/v2\/types\/page"}],"author":[{"embeddable":true,"href":"https:\/\/www.colingua.be\/fr\/wp-json\/wp\/v2\/users\/1"}],"replies":[{"embeddable":true,"href":"https:\/\/www.colingua.be\/fr\/wp-json\/wp\/v2\/comments?post=158"}],"version-history":[{"count":23,"href":"https:\/\/www.colingua.be\/fr\/wp-json\/wp\/v2\/pages\/158\/revisions"}],"predecessor-version":[{"id":21201,"href":"https:\/\/www.colingua.be\/fr\/wp-json\/wp\/v2\/pages\/158\/revisions\/21201"}],"up":[{"embeddable":true,"href":"https:\/\/www.colingua.be\/fr\/wp-json\/wp\/v2\/pages\/10"}],"wp:featuredmedia":[{"embeddable":true,"href":"https:\/\/www.colingua.be\/fr\/wp-json\/wp\/v2\/media\/17354"}],"wp:attachment":[{"href":"https:\/\/www.colingua.be\/fr\/wp-json\/wp\/v2\/media?parent=158"}],"curies":[{"name":"wp","href":"https:\/\/api.w.org\/{rel}","templated":true}]}}