{"id":16828,"date":"2021-01-02T11:16:57","date_gmt":"2021-01-02T10:16:57","guid":{"rendered":"https:\/\/www.colingua.be\/?page_id=16828"},"modified":"2021-01-08T11:52:20","modified_gmt":"2021-01-08T10:52:20","slug":"visioconferences-avec-interpretation","status":"publish","type":"page","link":"https:\/\/www.colingua.be\/fr\/visioconferences-avec-interpretation\/","title":{"rendered":"Visioconf\u00e9rences avec interpr\u00e9tation"},"content":{"rendered":"<p style=\"text-align: left;\">Avec des bureaux \u00e0 <strong><span style=\"color: #ffffff;\"><a style=\"color: #ffffff;\" href=\"https:\/\/www.colingua.be\/fr\/interpretation\/des-interpretes-de-conferences-a-bruxelles\/\">Bruxelles<\/a><\/span><\/strong>,<strong> <span style=\"color: #ffffff;\"><a style=\"color: #ffffff;\" href=\"https:\/\/www.colingua.be\/fr\/interpretation\/interpretes-de-conferences-a-liege\/\">Li\u00e8ge<\/a><\/span> <\/strong>et<span style=\"color: #ffffff;\"><a style=\"color: #ffffff;\" href=\"https:\/\/www.colingua.be\/nl\/contact\/\"><strong> Lanaken<\/strong><\/a><\/span>, Colingua est un leader sur march\u00e9 de l&rsquo;<span style=\"color: #ffffff;\"><a style=\"color: #ffffff;\" href=\"https:\/\/www.colingua.be\/fr\/interpretation\/interpretation-simultanee-a-distance-isd\/\"><strong>interpr\u00e9tation simultan\u00e9e en ligne<\/strong><\/a><\/span> (aussi appel\u00e9e\u00a0<i>traduction\u00a0simultan\u00e9e\u00a0<\/i>ou <em>interpr\u00e9tariat<\/em>) dans les principales langues europ\u00e9ennes (fran\u00e7ais, anglais, espagnol, n\u00e9erlandais, allemand &#8230;).<\/p>\n<p style=\"text-align: left;\">Colingua propose plusieurs solutions en ligne\u00a0: <span style=\"color: #ffffff;\"><a style=\"color: #ffffff;\" href=\"https:\/\/www.colingua.be\/fr\/interpretation\/visioconference\/interpretation-sur-zoom\/\"><strong>interpr\u00e9tation sur Zoom<\/strong><\/a> <\/span>ou via une <span style=\"color: #ffffff;\"><a style=\"color: #ffffff;\" href=\"https:\/\/www.colingua.be\/fr\/interpretation\/visioconference\/plateformes-de-videoconference\/\"><strong>application d&rsquo;interpr\u00e9tation d\u00e9di\u00e9e<\/strong><\/a>, <strong><a style=\"color: #ffffff;\" href=\"https:\/\/www.colingua.be\/fr\/interpretation\/visioconference\/presentiel-distanciel-ou-hybride\/\">interpr\u00e9tation lors d&rsquo;\u00e9v\u00e9nements hybrides<\/a><\/strong><\/span> alliant pr\u00e9sentiel et virtuel, <span style=\"color: #ffffff;\"><strong><a style=\"color: #ffffff;\" href=\"https:\/\/www.colingua.be\/fr\/interpretation\/visioconference\/interpretes-studio-ou-domicile\/\">studio d&rsquo;interpr\u00e9tation<\/a><\/strong><\/span>, salle avec \u00e9cran vert (<em>green key<\/em>), etc.<\/p>\n<p><iframe loading=\"lazy\" src=\"https:\/\/www.youtube.com\/embed\/EwUvgfezYS8\" width=\"360\" height=\"200\" frameborder=\"0\" allowfullscreen=\"allowfullscreen\"><\/iframe><\/p>\n","protected":false},"excerpt":{"rendered":"<p>Avec des bureaux \u00e0 Bruxelles, Li\u00e8ge et Lanaken, Colingua est un leader sur march\u00e9 de l&rsquo;interpr\u00e9tation simultan\u00e9e en ligne (aussi appel\u00e9e\u00a0traduction\u00a0simultan\u00e9e\u00a0ou interpr\u00e9tariat) dans les principales langues europ\u00e9ennes (fran\u00e7ais, anglais, espagnol, n\u00e9erlandais, allemand &#8230;). Colingua propose plusieurs solutions en ligne\u00a0: interpr\u00e9tation sur Zoom ou via une application d&rsquo;interpr\u00e9tation d\u00e9di\u00e9e, interpr\u00e9tation lors d&rsquo;\u00e9v\u00e9nements hybrides alliant pr\u00e9sentiel et [&hellip;]<\/p>\n","protected":false},"author":2,"featured_media":16918,"parent":0,"menu_order":0,"comment_status":"closed","ping_status":"closed","template":"page-landing.php","meta":{"_acf_changed":false,"footnotes":""},"class_list":["post-16828","page","type-page","status-publish","has-post-thumbnail","hentry"],"acf":[],"_links":{"self":[{"href":"https:\/\/www.colingua.be\/fr\/wp-json\/wp\/v2\/pages\/16828"}],"collection":[{"href":"https:\/\/www.colingua.be\/fr\/wp-json\/wp\/v2\/pages"}],"about":[{"href":"https:\/\/www.colingua.be\/fr\/wp-json\/wp\/v2\/types\/page"}],"author":[{"embeddable":true,"href":"https:\/\/www.colingua.be\/fr\/wp-json\/wp\/v2\/users\/2"}],"replies":[{"embeddable":true,"href":"https:\/\/www.colingua.be\/fr\/wp-json\/wp\/v2\/comments?post=16828"}],"version-history":[{"count":54,"href":"https:\/\/www.colingua.be\/fr\/wp-json\/wp\/v2\/pages\/16828\/revisions"}],"predecessor-version":[{"id":17163,"href":"https:\/\/www.colingua.be\/fr\/wp-json\/wp\/v2\/pages\/16828\/revisions\/17163"}],"wp:featuredmedia":[{"embeddable":true,"href":"https:\/\/www.colingua.be\/fr\/wp-json\/wp\/v2\/media\/16918"}],"wp:attachment":[{"href":"https:\/\/www.colingua.be\/fr\/wp-json\/wp\/v2\/media?parent=16828"}],"curies":[{"name":"wp","href":"https:\/\/api.w.org\/{rel}","templated":true}]}}