{"id":17294,"date":"2021-01-12T17:54:14","date_gmt":"2021-01-12T16:54:14","guid":{"rendered":"https:\/\/www.colingua.be\/?page_id=17294"},"modified":"2023-02-03T16:44:57","modified_gmt":"2023-02-03T15:44:57","slug":"tarifs-des-interpretes-de-conference","status":"publish","type":"page","link":"https:\/\/www.colingua.be\/fr\/interpretation\/tarifs-des-interpretes-de-conference\/","title":{"rendered":"Combien co\u00fbte un interpr\u00e8te ?"},"content":{"rendered":"<p>Deux grands facteurs influencent le <span style=\"color: #ffffff;\"><a style=\"color: #ffffff;\" href=\"https:\/\/www.colingua.be\/fr\/interpretation\/\"><strong>prix des services d\u2019interpr\u00e9tation<\/strong><\/a><\/span> :<\/p>\n<ul>\n<li>Les langues (le prix d&rsquo;un <span style=\"color: #ffffff;\"><strong>interpr\u00e8te\u00a0<\/strong><\/span><span style=\"color: #ffffff;\"><span style=\"caret-color: #ffffff;\"><b>anglais<\/b><\/span><\/span>\u00a0n&rsquo;est pas celui d&rsquo;un <span style=\"color: #ffffff;\"><strong>interpr\u00e8te chinois<\/strong><\/span>) et la nature de l\u2019\u00e9v\u00e9nement (conf\u00e9rence technique, r\u00e9union d\u2019experts\u2026)<span style=\"color: #ffffff;\"><a style=\"color: #ffffff;\" href=\"https:\/\/www.colingua.be\/fr\/interpretation\/interpretation-simultanee-a-distance-isd\/\"><strong>interpr\u00e9tation en ligne<\/strong><\/a><\/span>.<\/li>\n<li>Le <span style=\"color: #ffffff;\"><a style=\"color: #ffffff;\" href=\"https:\/\/www.colingua.be\/fr\/materiel-interpretation-conferences\/\"><strong>mat\u00e9riel d\u2019interpr\u00e9tation<\/strong><\/a><\/span> (nombre de <span style=\"color: #ffffff;\"><a style=\"color: #ffffff;\" href=\"https:\/\/www.colingua.be\/fr\/materiel-interpretation-conferences\/cabines-interpretation-conferences\/\"><strong>cabines d&rsquo;interpr\u00e9tation<\/strong><\/a><\/span>, micros et surtout de <span style=\"color: #ffffff;\"><strong>casques \u2013 r\u00e9cepteurs<\/strong><\/span>).<\/li>\n<\/ul>\n<p>Veuillez <span style=\"color: #ffffff;\"><strong><a style=\"color: #ffffff;\" href=\"https:\/\/www.colingua.be\/fr\/contact\/\">nous contacter<\/a><\/strong><\/span> pour obtenir un devis pr\u00e9cis. Un de nos <span style=\"color: #ffffff;\"><strong>interpr\u00e8tes conseil<\/strong> <\/span>vous renseignera et vous aidera \u00e0 prendre les bonnes d\u00e9cisions.<\/p>\n<p>Merci de pr\u00e9ciser les informations suivantes dans votre demande de devis :<\/p>\n<ul>\n<li>Date, horaire, lieu, langues et sujet de votre \u00e9v\u00e9nement.<\/li>\n<li>Si vous n\u2019avez pas de mat\u00e9riel, le nombre de casques et de micros.<\/li>\n<li>S&rsquo;il s&rsquo;agit d&rsquo;un \u00e9v\u00e9nement en ligne, la plateforme (<span style=\"color: #ffffff;\"><strong><a style=\"color: #ffffff;\" href=\"https:\/\/www.colingua.be\/fr\/interpretation\/visioconference\/interpretation-sur-zoom\/\">Zoom<\/a><\/strong><\/span>, <span style=\"color: #ffffff;\"><strong><a style=\"color: #ffffff;\" href=\"https:\/\/www.colingua.be\/fr\/interpretation\/visioconference\/linterpretation-sur-webex\/\">WebEx<\/a><\/strong><\/span> &#8230;)<\/li>\n<\/ul>\n","protected":false},"excerpt":{"rendered":"<p>Deux grands facteurs influencent le prix des services d\u2019interpr\u00e9tation : Les langues (le prix d&rsquo;un interpr\u00e8te\u00a0anglais\u00a0n&rsquo;est pas celui d&rsquo;un interpr\u00e8te chinois) et la nature de l\u2019\u00e9v\u00e9nement (conf\u00e9rence technique, r\u00e9union d\u2019experts\u2026)interpr\u00e9tation en ligne. Le mat\u00e9riel d\u2019interpr\u00e9tation (nombre de cabines d&rsquo;interpr\u00e9tation, micros et surtout de casques \u2013 r\u00e9cepteurs). Veuillez nous contacter pour obtenir un devis pr\u00e9cis. Un [&hellip;]<\/p>\n","protected":false},"author":2,"featured_media":17328,"parent":8,"menu_order":0,"comment_status":"closed","ping_status":"closed","template":"page-landing.php","meta":{"_acf_changed":false,"footnotes":""},"class_list":["post-17294","page","type-page","status-publish","has-post-thumbnail","hentry"],"acf":[],"_links":{"self":[{"href":"https:\/\/www.colingua.be\/fr\/wp-json\/wp\/v2\/pages\/17294"}],"collection":[{"href":"https:\/\/www.colingua.be\/fr\/wp-json\/wp\/v2\/pages"}],"about":[{"href":"https:\/\/www.colingua.be\/fr\/wp-json\/wp\/v2\/types\/page"}],"author":[{"embeddable":true,"href":"https:\/\/www.colingua.be\/fr\/wp-json\/wp\/v2\/users\/2"}],"replies":[{"embeddable":true,"href":"https:\/\/www.colingua.be\/fr\/wp-json\/wp\/v2\/comments?post=17294"}],"version-history":[{"count":15,"href":"https:\/\/www.colingua.be\/fr\/wp-json\/wp\/v2\/pages\/17294\/revisions"}],"predecessor-version":[{"id":21090,"href":"https:\/\/www.colingua.be\/fr\/wp-json\/wp\/v2\/pages\/17294\/revisions\/21090"}],"up":[{"embeddable":true,"href":"https:\/\/www.colingua.be\/fr\/wp-json\/wp\/v2\/pages\/8"}],"wp:featuredmedia":[{"embeddable":true,"href":"https:\/\/www.colingua.be\/fr\/wp-json\/wp\/v2\/media\/17328"}],"wp:attachment":[{"href":"https:\/\/www.colingua.be\/fr\/wp-json\/wp\/v2\/media?parent=17294"}],"curies":[{"name":"wp","href":"https:\/\/api.w.org\/{rel}","templated":true}]}}