{"id":18,"date":"2017-03-13T17:09:19","date_gmt":"2017-03-13T16:09:19","guid":{"rendered":"http:\/\/www.colingua.be\/?page_id=18"},"modified":"2021-01-12T14:28:49","modified_gmt":"2021-01-12T13:28:49","slug":"references","status":"publish","type":"page","link":"https:\/\/www.colingua.be\/fr\/agence-de-traduction\/references\/","title":{"rendered":"R\u00e9f\u00e9rences"},"content":{"rendered":"<p>Nos clients sont un gage de qualit\u00e9 !<\/p>\n<p>Ils ont choisi les traducteurs et interpr\u00e8tes de Colingua Traduction\u2026<\/p>\n","protected":false},"excerpt":{"rendered":"<p>Nos clients sont un gage de qualit\u00e9 ! Ils ont choisi les traducteurs et interpr\u00e8tes de Colingua Traduction\u2026<\/p>\n","protected":false},"author":1,"featured_media":0,"parent":17238,"menu_order":0,"comment_status":"closed","ping_status":"closed","template":"page-references.php","meta":{"_acf_changed":false,"footnotes":""},"class_list":["post-18","page","type-page","status-publish","hentry"],"acf":[],"_links":{"self":[{"href":"https:\/\/www.colingua.be\/fr\/wp-json\/wp\/v2\/pages\/18"}],"collection":[{"href":"https:\/\/www.colingua.be\/fr\/wp-json\/wp\/v2\/pages"}],"about":[{"href":"https:\/\/www.colingua.be\/fr\/wp-json\/wp\/v2\/types\/page"}],"author":[{"embeddable":true,"href":"https:\/\/www.colingua.be\/fr\/wp-json\/wp\/v2\/users\/1"}],"replies":[{"embeddable":true,"href":"https:\/\/www.colingua.be\/fr\/wp-json\/wp\/v2\/comments?post=18"}],"version-history":[{"count":3,"href":"https:\/\/www.colingua.be\/fr\/wp-json\/wp\/v2\/pages\/18\/revisions"}],"predecessor-version":[{"id":1538,"href":"https:\/\/www.colingua.be\/fr\/wp-json\/wp\/v2\/pages\/18\/revisions\/1538"}],"up":[{"embeddable":true,"href":"https:\/\/www.colingua.be\/fr\/wp-json\/wp\/v2\/pages\/17238"}],"wp:attachment":[{"href":"https:\/\/www.colingua.be\/fr\/wp-json\/wp\/v2\/media?parent=18"}],"curies":[{"name":"wp","href":"https:\/\/api.w.org\/{rel}","templated":true}]}}