{"id":20973,"date":"2023-02-02T18:16:15","date_gmt":"2023-02-02T17:16:15","guid":{"rendered":"https:\/\/www.colingua.be\/?page_id=20973"},"modified":"2023-02-03T14:46:25","modified_gmt":"2023-02-03T13:46:25","slug":"linterpretation-sur-webex","status":"publish","type":"page","link":"https:\/\/www.colingua.be\/fr\/interpretation\/visioconference\/linterpretation-sur-webex\/","title":{"rendered":"L&rsquo;interpr\u00e9tation sur WebEx"},"content":{"rendered":"<p>Moins connue que <span style=\"color: #ffffff;\"><a style=\"color: #ffffff;\" href=\"https:\/\/www.colingua.be\/fr\/interpretation\/visioconference\/interpretation-sur-zoom\/\"><strong>Zoom<\/strong><\/a><\/span>, <span style=\"color: #ffffff;\"><strong><a style=\"color: #ffffff;\" href=\"https:\/\/www.webex.com\/\">WebEx de Cisco<\/a><\/strong><\/span> pr\u00e9sente des fonctionnalit\u00e9s similaires \u00e0 son concurrent am\u00e9ricain. WebEx dispose d\u00e9sormais de canaux permettant de travailler avec des <span style=\"color: #ffffff;\"><strong><a style=\"color: #ffffff;\" href=\"https:\/\/www.colingua.be\/fr\/interpretation\/interpretation-simultanee-a-distance-isd\/\">interpr\u00e8tes en ligne<\/a><\/strong><\/span> pour une <strong><span style=\"color: #ffffff;\"><em>traduction simultan\u00e9e<\/em><\/span><\/strong> de votre visioconf\u00e9rence en plusieurs langues.<\/p>\n<p>WebEx jouit d\u2019une excellente r\u00e9putation pour sa s\u00e9curit\u00e9, notamment aupr\u00e8s des institutions financi\u00e8res et des minist\u00e8res. <span style=\"color: #ffffff;\"><strong><a style=\"color: #ffffff;\" href=\"https:\/\/www.colingua.be\/fr\/agence-de-traduction\/\">Notre agence d\u2019interpr\u00e8tes<\/a><\/strong><\/span> travaille r\u00e9guli\u00e8rement sur WebEx pour des acteurs de la justice.<\/p>\n<div>\n<p>Nous serons heureux de vous conseiller sur la gestion de votre visio avec <span style=\"color: #ffffff;\"><strong>interpr\u00e9tation simultan\u00e9e sur WebEx<\/strong><\/span>.<\/p>\n<\/div>\n","protected":false},"excerpt":{"rendered":"<p>Moins connue que Zoom, WebEx de Cisco pr\u00e9sente des fonctionnalit\u00e9s similaires \u00e0 son concurrent am\u00e9ricain. WebEx dispose d\u00e9sormais de canaux permettant de travailler avec des interpr\u00e8tes en ligne pour une traduction simultan\u00e9e de votre visioconf\u00e9rence en plusieurs langues. WebEx jouit d\u2019une excellente r\u00e9putation pour sa s\u00e9curit\u00e9, notamment aupr\u00e8s des institutions financi\u00e8res et des minist\u00e8res. Notre [&hellip;]<\/p>\n","protected":false},"author":2,"featured_media":20981,"parent":14859,"menu_order":2,"comment_status":"closed","ping_status":"closed","template":"page-landing.php","meta":{"_acf_changed":false,"footnotes":""},"class_list":["post-20973","page","type-page","status-publish","has-post-thumbnail","hentry"],"acf":[],"_links":{"self":[{"href":"https:\/\/www.colingua.be\/fr\/wp-json\/wp\/v2\/pages\/20973"}],"collection":[{"href":"https:\/\/www.colingua.be\/fr\/wp-json\/wp\/v2\/pages"}],"about":[{"href":"https:\/\/www.colingua.be\/fr\/wp-json\/wp\/v2\/types\/page"}],"author":[{"embeddable":true,"href":"https:\/\/www.colingua.be\/fr\/wp-json\/wp\/v2\/users\/2"}],"replies":[{"embeddable":true,"href":"https:\/\/www.colingua.be\/fr\/wp-json\/wp\/v2\/comments?post=20973"}],"version-history":[{"count":6,"href":"https:\/\/www.colingua.be\/fr\/wp-json\/wp\/v2\/pages\/20973\/revisions"}],"predecessor-version":[{"id":21211,"href":"https:\/\/www.colingua.be\/fr\/wp-json\/wp\/v2\/pages\/20973\/revisions\/21211"}],"up":[{"embeddable":true,"href":"https:\/\/www.colingua.be\/fr\/wp-json\/wp\/v2\/pages\/14859"}],"wp:featuredmedia":[{"embeddable":true,"href":"https:\/\/www.colingua.be\/fr\/wp-json\/wp\/v2\/media\/20981"}],"wp:attachment":[{"href":"https:\/\/www.colingua.be\/fr\/wp-json\/wp\/v2\/media?parent=20973"}],"curies":[{"name":"wp","href":"https:\/\/api.w.org\/{rel}","templated":true}]}}