{"id":4253,"date":"2018-01-11T22:45:22","date_gmt":"2018-01-11T21:45:22","guid":{"rendered":"https:\/\/www.colingua.be\/?page_id=4253"},"modified":"2023-02-03T17:34:32","modified_gmt":"2023-02-03T16:34:32","slug":"cabines-interpretation-conferences-mobiles","status":"publish","type":"page","link":"https:\/\/www.colingua.be\/fr\/materiel-interpretation-conferences\/cabines-interpretation-conferences-mobiles\/","title":{"rendered":"Cabines en kit"},"content":{"rendered":"<p><span style=\"color: #ffffff;\"><strong>Les cabines d&rsquo;interpr\u00e8tes en bref<\/strong><\/span><\/p>\n<p>1. Une <span style=\"color: #ffffff;\"><strong>cabine mobile <\/strong><\/span>(aussi appel\u00e9e<strong><span style=\"color: #ffffff;\"> <em>cabine de traduction<\/em><\/span>\u00a0<\/strong>ou<span style=\"color: #ffffff;\"><strong> <em>cabine\u00a0d&rsquo;interpr\u00e9tation<\/em><\/strong><\/span>) standard pour deux <span style=\"color: #ffffff;\"><a style=\"color: #ffffff;\" href=\"https:\/\/www.colingua.be\/fr\/interpretation\/\"><strong>interpr\u00e8tes de conf\u00e9rences<\/strong><\/a><\/span> mesure 170 cm de c\u00f4t\u00e9 et 200 cm de haut. Il est aussi possible de monter une cabine plus large pouvant accueillir trois interpr\u00e8tes.<\/p>\n<p>2. Une <span style=\"color: #ffffff;\"><strong>cabine mobile<\/strong><\/span> standard compte 8 panneaux verticaux, 2 panneaux de toit et une tablette pour y d\u00e9poser les consoles (micros) des interpr\u00e8tes, les ordinateurs, etc.<\/p>\n<p>3. Une <span style=\"color: #ffffff;\"><strong>cabine d&rsquo;interpr\u00e9tation<\/strong><\/span>\u00a0p\u00e8se environ 200 kg !<\/p>\n<p>4. Une <span style=\"color: #ffffff;\"><strong>cabine d&rsquo;interpr\u00e9tation<\/strong><\/span> \u00e9quip\u00e9e et 50 r\u00e9cepteurs &#8211; casques peuvent \u00eatre d\u00e9ploy\u00e9s en 1h00 si notre technicien peut la connecter au syst\u00e8me de sonorisation de la salle ou en 2h s&rsquo;il faut \u00e9galement sonoriser la salle (c&rsquo;est-\u00e0-dire pr\u00e9voir les micros et les haut-parleurs).<\/p>\n<p>5. Les <span style=\"color: #ffffff;\"><strong>cabines d&rsquo;interpr\u00e9tation<\/strong><\/span> peuvent \u00eatre install\u00e9es plus ou moins n&rsquo;importe o\u00f9, tant que le sol est plat et que l&rsquo;acc\u00e8s le permet. Nous techniciens ont l&rsquo;habitude d&rsquo;installer des cabines dans des h\u00f4tels (voir illustration au <span style=\"color: #ffffff;\"><a style=\"color: #ffffff;\" href=\"http:\/\/www.bedfordhotelcongresscentre.com\/\" target=\"_blank\" rel=\"noopener\">Bedford Bruxelles<\/a><\/span>), des palais d&rsquo;expositions, des centres de congr\u00e8s ou des b\u00e2timents class\u00e9s.<\/p>\n<div style=\"width: 640px;\" class=\"wp-video\"><!--[if lt IE 9]><script>document.createElement('video');<\/script><![endif]-->\n<video class=\"wp-video-shortcode\" id=\"video-4253-1\" width=\"640\" height=\"360\" poster=\"https:\/\/www.colingua.be\/wp-content\/uploads\/2020\/04\/Colingua-Video-Cabine-Interpr\u00e8te-La-Boverie-FR-3.jpg\" preload=\"metadata\" controls=\"controls\"><source type=\"video\/mp4\" src=\"https:\/\/www.colingua.be\/wp-content\/uploads\/2020\/04\/Colingua-PUB-Timelapse-Cabine-Interpretation-FR.mp4?_=1\" \/><a href=\"https:\/\/www.colingua.be\/wp-content\/uploads\/2020\/04\/Colingua-PUB-Timelapse-Cabine-Interpretation-FR.mp4\">https:\/\/www.colingua.be\/wp-content\/uploads\/2020\/04\/Colingua-PUB-Timelapse-Cabine-Interpretation-FR.mp4<\/a><\/video><\/div>\n<p>&nbsp;<\/p>\n","protected":false},"excerpt":{"rendered":"<p>Les cabines d&rsquo;interpr\u00e8tes en bref 1. Une cabine mobile (aussi appel\u00e9e cabine de traduction\u00a0ou cabine\u00a0d&rsquo;interpr\u00e9tation) standard pour deux interpr\u00e8tes de conf\u00e9rences mesure 170 cm de c\u00f4t\u00e9 et 200 cm de haut. Il est aussi possible de monter une cabine plus large pouvant accueillir trois interpr\u00e8tes. 2. Une cabine mobile standard compte 8 panneaux verticaux, 2 [&hellip;]<\/p>\n","protected":false},"author":2,"featured_media":5010,"parent":105,"menu_order":0,"comment_status":"closed","ping_status":"closed","template":"page-landing.php","meta":{"_acf_changed":false,"footnotes":""},"class_list":["post-4253","page","type-page","status-publish","has-post-thumbnail","hentry"],"acf":[],"_links":{"self":[{"href":"https:\/\/www.colingua.be\/fr\/wp-json\/wp\/v2\/pages\/4253"}],"collection":[{"href":"https:\/\/www.colingua.be\/fr\/wp-json\/wp\/v2\/pages"}],"about":[{"href":"https:\/\/www.colingua.be\/fr\/wp-json\/wp\/v2\/types\/page"}],"author":[{"embeddable":true,"href":"https:\/\/www.colingua.be\/fr\/wp-json\/wp\/v2\/users\/2"}],"replies":[{"embeddable":true,"href":"https:\/\/www.colingua.be\/fr\/wp-json\/wp\/v2\/comments?post=4253"}],"version-history":[{"count":23,"href":"https:\/\/www.colingua.be\/fr\/wp-json\/wp\/v2\/pages\/4253\/revisions"}],"predecessor-version":[{"id":21105,"href":"https:\/\/www.colingua.be\/fr\/wp-json\/wp\/v2\/pages\/4253\/revisions\/21105"}],"up":[{"embeddable":true,"href":"https:\/\/www.colingua.be\/fr\/wp-json\/wp\/v2\/pages\/105"}],"wp:featuredmedia":[{"embeddable":true,"href":"https:\/\/www.colingua.be\/fr\/wp-json\/wp\/v2\/media\/5010"}],"wp:attachment":[{"href":"https:\/\/www.colingua.be\/fr\/wp-json\/wp\/v2\/media?parent=4253"}],"curies":[{"name":"wp","href":"https:\/\/api.w.org\/{rel}","templated":true}]}}