{"id":4728,"date":"2018-01-27T20:32:31","date_gmt":"2018-01-27T19:32:31","guid":{"rendered":"https:\/\/www.colingua.be\/?page_id=4728"},"modified":"2021-01-31T22:16:53","modified_gmt":"2021-01-31T21:16:53","slug":"modere","status":"publish","type":"page","link":"https:\/\/www.colingua.be\/fr\/traducteurs-pour-clients-americains\/modere\/","title":{"rendered":"Le cas Modere"},"content":{"rendered":"<p>Notre <strong>soci\u00e9t\u00e9 de traducteurs et interpr\u00e8tes de conf\u00e9rences<\/strong> a \u00e9t\u00e9 cr\u00e9\u00e9e suite \u00e0 la volont\u00e9 de nos administrateurs de mettre \u00e0 profit les comp\u00e9tences linguistiques acquises aux <strong>USA<\/strong> ainsi que leur <strong>connaissance<\/strong> et leur passion des <strong>\u00c9tats-Unis<\/strong> \u00e0 leur retour en Europe, notamment en <strong>Belgique<\/strong>.<\/p>\n<p><strong>R\u00e9sum\u00e9 des services propos\u00e9s \u00e0 M\u014ddere :<\/strong><\/p>\n<ul>\n<li>Interpr\u00e9tation simultan\u00e9e en cabine en anglais, fran\u00e7ais, italien et allemand<\/li>\n<li>Installation de cabines d\u2019interpr\u00e9tation<\/li>\n<\/ul>\n<p>Notre premi\u00e8re collaboration avec M\u014cDERE remonte \u00e0 2015 lorsque la soci\u00e9t\u00e9 cosm\u00e9tique am\u00e9ricaine a organis\u00e9 sa conf\u00e9rence de lancement au Square Brussels, le principal centre de congr\u00e8s dont les interpr\u00e8tes de Colingua sont les fournisseurs attitr\u00e9s.<\/p>\n<p>\u00c9tant satisfait de la prestation, le si\u00e8ge europ\u00e9en de la soci\u00e9t\u00e9 am\u00e9ricaine a recontact\u00e9 notre agence d\u2019interpr\u00e8tes pour sa grande conf\u00e9rence devant acter le re-branding de la soci\u00e9t\u00e9 (autrefois appel\u00e9e Neways) \u00e0 Bruxelles en janvier 2017.<\/p>\n<p><strong>\u00c0 propos de M\u014ddere<\/strong>\u00a0:\u00a0<a href=\"https:\/\/www.modere.com\" target=\"_blank\" rel=\"noopener\">https:\/\/www.modere.com<\/a><\/p>\n<hr \/>\n<p><strong>Les r\u00e9f\u00e9rences parlent d\u2019elles-m\u00eames. Cliquez sur ces liens pour lire l\u2019histoire de notre collaboration avec d\u2019autres entreprises am\u00e9ricaines install\u00e9es en Belgique :<\/strong>\u00a0Tiffany &amp; Co., Facebook, Nomacorc-Vinventions, Merck-MSD<\/p>\n","protected":false},"excerpt":{"rendered":"<p>Notre soci\u00e9t\u00e9 de traducteurs et interpr\u00e8tes de conf\u00e9rences a \u00e9t\u00e9 cr\u00e9\u00e9e suite \u00e0 la volont\u00e9 de nos administrateurs de mettre \u00e0 profit les comp\u00e9tences linguistiques acquises aux USA ainsi que leur connaissance et leur passion des \u00c9tats-Unis \u00e0 leur retour en Europe, notamment en Belgique. R\u00e9sum\u00e9 des services propos\u00e9s \u00e0 M\u014ddere : Interpr\u00e9tation simultan\u00e9e en [&hellip;]<\/p>\n","protected":false},"author":2,"featured_media":4458,"parent":1614,"menu_order":0,"comment_status":"closed","ping_status":"closed","template":"page-landing.php","meta":{"_acf_changed":false,"footnotes":""},"class_list":["post-4728","page","type-page","status-publish","has-post-thumbnail","hentry"],"acf":[],"_links":{"self":[{"href":"https:\/\/www.colingua.be\/fr\/wp-json\/wp\/v2\/pages\/4728"}],"collection":[{"href":"https:\/\/www.colingua.be\/fr\/wp-json\/wp\/v2\/pages"}],"about":[{"href":"https:\/\/www.colingua.be\/fr\/wp-json\/wp\/v2\/types\/page"}],"author":[{"embeddable":true,"href":"https:\/\/www.colingua.be\/fr\/wp-json\/wp\/v2\/users\/2"}],"replies":[{"embeddable":true,"href":"https:\/\/www.colingua.be\/fr\/wp-json\/wp\/v2\/comments?post=4728"}],"version-history":[{"count":15,"href":"https:\/\/www.colingua.be\/fr\/wp-json\/wp\/v2\/pages\/4728\/revisions"}],"predecessor-version":[{"id":18073,"href":"https:\/\/www.colingua.be\/fr\/wp-json\/wp\/v2\/pages\/4728\/revisions\/18073"}],"up":[{"embeddable":true,"href":"https:\/\/www.colingua.be\/fr\/wp-json\/wp\/v2\/pages\/1614"}],"wp:featuredmedia":[{"embeddable":true,"href":"https:\/\/www.colingua.be\/fr\/wp-json\/wp\/v2\/media\/4458"}],"wp:attachment":[{"href":"https:\/\/www.colingua.be\/fr\/wp-json\/wp\/v2\/media?parent=4728"}],"curies":[{"name":"wp","href":"https:\/\/api.w.org\/{rel}","templated":true}]}}