{"id":4996,"date":"2018-02-22T08:12:08","date_gmt":"2018-02-22T07:12:08","guid":{"rendered":"https:\/\/www.colingua.be\/?page_id=4996"},"modified":"2020-08-21T00:46:42","modified_gmt":"2020-08-20T22:46:42","slug":"le-beaba","status":"publish","type":"page","link":"https:\/\/www.colingua.be\/fr\/interpretation\/le-beaba\/","title":{"rendered":"Le b\u00e9aba de l&rsquo;interpr\u00e9tation"},"content":{"rendered":"<p>Vous vous demandez si vous devez chercher un <strong>bureau de traduction<\/strong> ou une <strong>agence d&rsquo;interpr\u00e9tation<\/strong> ?<\/p>\n<p>Ou si le service dont vous avez besoin s&rsquo;appelle <strong>interpr\u00e9tation de conf\u00e9rence<\/strong>, <strong>traduction simultan\u00e9e<\/strong> ou <strong>interpr\u00e9tariat<\/strong> ?<\/p>\n<p>Ou vous souhaitez qu&rsquo;un <strong>interpr\u00e8te chuchoteur<\/strong> vous accompagne lors d&rsquo;une visite de chantier pour faire du <strong>chuchotement<\/strong> ou du <strong>chuchotage<\/strong> avec un <strong>bidule<\/strong> ?<\/p>\n<p>Si tous ces termes bizarres et souvent mal utilis\u00e9s vous effraient, vous \u00eates dans la bonne section, en construction !<\/p>\n<p><span style=\"color: #ff6600;\"><strong>Page en construction<\/strong><\/span><\/p>\n","protected":false},"excerpt":{"rendered":"<p>Vous vous demandez si vous devez chercher un bureau de traduction ou une agence d&rsquo;interpr\u00e9tation ? Ou si le service dont vous avez besoin s&rsquo;appelle interpr\u00e9tation de conf\u00e9rence, traduction simultan\u00e9e ou interpr\u00e9tariat ? Ou vous souhaitez qu&rsquo;un interpr\u00e8te chuchoteur vous accompagne lors d&rsquo;une visite de chantier pour faire du chuchotement ou du chuchotage avec un [&hellip;]<\/p>\n","protected":false},"author":2,"featured_media":0,"parent":8,"menu_order":0,"comment_status":"closed","ping_status":"closed","template":"page-landing.php","meta":{"_acf_changed":false,"footnotes":""},"class_list":["post-4996","page","type-page","status-publish","hentry"],"acf":[],"_links":{"self":[{"href":"https:\/\/www.colingua.be\/fr\/wp-json\/wp\/v2\/pages\/4996"}],"collection":[{"href":"https:\/\/www.colingua.be\/fr\/wp-json\/wp\/v2\/pages"}],"about":[{"href":"https:\/\/www.colingua.be\/fr\/wp-json\/wp\/v2\/types\/page"}],"author":[{"embeddable":true,"href":"https:\/\/www.colingua.be\/fr\/wp-json\/wp\/v2\/users\/2"}],"replies":[{"embeddable":true,"href":"https:\/\/www.colingua.be\/fr\/wp-json\/wp\/v2\/comments?post=4996"}],"version-history":[{"count":24,"href":"https:\/\/www.colingua.be\/fr\/wp-json\/wp\/v2\/pages\/4996\/revisions"}],"predecessor-version":[{"id":4998,"href":"https:\/\/www.colingua.be\/fr\/wp-json\/wp\/v2\/pages\/4996\/revisions\/4998"}],"up":[{"embeddable":true,"href":"https:\/\/www.colingua.be\/fr\/wp-json\/wp\/v2\/pages\/8"}],"wp:attachment":[{"href":"https:\/\/www.colingua.be\/fr\/wp-json\/wp\/v2\/media?parent=4996"}],"curies":[{"name":"wp","href":"https:\/\/api.w.org\/{rel}","templated":true}]}}