{"id":6,"date":"2017-03-13T17:07:12","date_gmt":"2017-03-13T16:07:12","guid":{"rendered":"http:\/\/www.colingua.be\/?page_id=6"},"modified":"2021-03-29T12:31:10","modified_gmt":"2021-03-29T10:31:10","slug":"page-daccueil","status":"publish","type":"page","link":"https:\/\/www.colingua.be\/fr\/","title":{"rendered":"Colingua &#8211; Agence de traduction"},"content":{"rendered":"<p>Fond\u00e9e en 2000 par des <a href=\"https:\/\/www.colingua.be\/fr\/agence-de-traduction\/\"><b>traducteurs et des interpr\u00e8tes professionnels<\/b><\/a>, notre <a href=\"https:\/\/www.colingua.be\/fr\/agence-de-traduction\/\"><b>agence de traduction<\/b><\/a> compte des bureaux \u00e0 <a href=\"https:\/\/www.colingua.be\/fr\/interpretation\/des-interpretes-de-conferences-a-bruxelles\/\"><b>Bruxelles<\/b><\/a>, en Wallonie (<a href=\"https:\/\/www.colingua.be\/fr\/interpretation\/interpretes-de-conferences-a-liege\/\"><b>Li\u00e8ge<\/b><\/a>) et en Flandre (Lanaken). Notre soci\u00e9t\u00e9 est g\u00e9r\u00e9e exclusivement par des professionnels du m\u00e9tier.\u00a0Vous serez donc toujours en contact avec un\u00a0<a href=\"https:\/\/www.colingua.be\/fr\/traduction\/\"><strong>traducteur<\/strong><\/a>\u00a0ou un\u00a0<a href=\"https:\/\/www.colingua.be\/fr\/interpretation\/\"><strong>interpr\u00e8te<\/strong><\/a>.<\/p>\n<p>Colingua propose deux types de services\u00a0: des <a href=\"https:\/\/www.colingua.be\/fr\/traduction\/\"><b>traductions \u00e9crites<\/b><\/a> (sites web brochures, \u2026 ) ainsi des services d&rsquo;<b>\u00a0<a href=\"https:\/\/www.colingua.be\/fr\/interpretation\/\">interpr\u00e9tation simultan\u00e9e<\/a><\/b> (aussi appel\u00e9s <i>interpr\u00e9tariat <\/i>ou <i>traduction simultan\u00e9e<\/i>), avec ou sans cabines d\u2019interpr\u00e9tation.<\/p>\n<p>Depuis le d\u00e9but 2020, nous proposons plusieurs <a href=\"https:\/\/www.colingua.be\/fr\/interpretation\/interpretation-simultanee-a-distance-isd\/\"><strong>solutions d\u2019interpr\u00e9tation en ligne<\/strong><\/a>, sur<a href=\"https:\/\/www.colingua.be\/fr\/interpretation\/visioconference\/interpretation-sur-zoom\/\"><strong> Zoom<\/strong><\/a> ou d\u2019<a href=\"https:\/\/www.colingua.be\/fr\/interpretation\/visioconference\/interpretation-avec-votre-appli-de-visio-preferee\/\"><strong>autres plateformes<\/strong><\/a>. Nous disposons aussi d\u2019un <a href=\"https:\/\/www.colingua.be\/fr\/interpretation\/visioconference\/interpretes-studio-ou-domicile\/\"><strong>studio \u00e0 Bruxelles, avec des cabines, \u00e9cran vert<\/strong><\/a> et tout le support technique pour accueillir nos clients en toute s\u00e9curit\u00e9.<\/p>\n","protected":false},"excerpt":{"rendered":"<p>Fond\u00e9e en 2000 par des traducteurs et des interpr\u00e8tes professionnels, notre agence de traduction compte des bureaux \u00e0 Bruxelles, en Wallonie (Li\u00e8ge) et en Flandre (Lanaken). Notre soci\u00e9t\u00e9 est g\u00e9r\u00e9e exclusivement par des professionnels du m\u00e9tier.\u00a0Vous serez donc toujours en contact avec un\u00a0traducteur\u00a0ou un\u00a0interpr\u00e8te. Colingua propose deux types de services\u00a0: des traductions \u00e9crites (sites web [&hellip;]<\/p>\n","protected":false},"author":1,"featured_media":17940,"parent":0,"menu_order":0,"comment_status":"closed","ping_status":"closed","template":"homepage.php","meta":{"_acf_changed":false,"footnotes":""},"class_list":["post-6","page","type-page","status-publish","has-post-thumbnail","hentry"],"acf":[],"_links":{"self":[{"href":"https:\/\/www.colingua.be\/fr\/wp-json\/wp\/v2\/pages\/6"}],"collection":[{"href":"https:\/\/www.colingua.be\/fr\/wp-json\/wp\/v2\/pages"}],"about":[{"href":"https:\/\/www.colingua.be\/fr\/wp-json\/wp\/v2\/types\/page"}],"author":[{"embeddable":true,"href":"https:\/\/www.colingua.be\/fr\/wp-json\/wp\/v2\/users\/1"}],"replies":[{"embeddable":true,"href":"https:\/\/www.colingua.be\/fr\/wp-json\/wp\/v2\/comments?post=6"}],"version-history":[{"count":59,"href":"https:\/\/www.colingua.be\/fr\/wp-json\/wp\/v2\/pages\/6\/revisions"}],"predecessor-version":[{"id":18893,"href":"https:\/\/www.colingua.be\/fr\/wp-json\/wp\/v2\/pages\/6\/revisions\/18893"}],"wp:featuredmedia":[{"embeddable":true,"href":"https:\/\/www.colingua.be\/fr\/wp-json\/wp\/v2\/media\/17940"}],"wp:attachment":[{"href":"https:\/\/www.colingua.be\/fr\/wp-json\/wp\/v2\/media?parent=6"}],"curies":[{"name":"wp","href":"https:\/\/api.w.org\/{rel}","templated":true}]}}