{"id":739,"date":"2017-05-12T15:28:33","date_gmt":"2017-05-12T13:28:33","guid":{"rendered":"http:\/\/www.colingua.be\/?page_id=739\/"},"modified":"2023-02-03T17:00:01","modified_gmt":"2023-02-03T16:00:01","slug":"responsabilite-sociale-de-lentreprise","status":"publish","type":"page","link":"https:\/\/www.colingua.be\/fr\/agence-de-traduction\/responsabilite-sociale-de-lentreprise\/","title":{"rendered":"Responsabilit\u00e9 Sociale de l&rsquo;Entreprise"},"content":{"rendered":"<p>Colingua Traduction est une agence de traduction et d&rsquo;interpr\u00e9tation sp\u00e9cialis\u00e9e dans le sport. Afin de rendre la pareille \u00e0 ce secteur qui repr\u00e9sente une partie importante de notre activit\u00e9, nous avons d\u00e9cid\u00e9 de soutenir des organisateurs d&rsquo;\u00e9v\u00e9nements sportifs destin\u00e9s \u00e0 la jeunesse. C&rsquo;est dans cet esprit que s&rsquo;inscrit notre soutien aux associations ci-dessous.<\/p>\n<p>Notre activit\u00e9 ne se limite toutefois pas au sport. Nous participons annuellement \u00e0 la campagne de collecte de fonds du T\u00e9l\u00e9vie en collaboration avec l&rsquo;Universit\u00e9 de Li\u00e8ge (section Traduction et Interpr\u00e9tation) en parrainant l&rsquo;\u00e9quipe de traducteurs qui participent aux 24h V\u00e9lo pour la bonne cause.<\/p>\n<p>En pleine crise de Covid-19, en collaboration avec Globule Bleu, Colingua a lanc\u00e9 la campagne <em>ResteChezToi.be<\/em>\u00a0(Solidarite-H\u00f4pitaux.fr\u00a0en France) afin de soutenir le personnel hospitalier.<\/p>\n","protected":false},"excerpt":{"rendered":"<p>Colingua Traduction est une agence de traduction et d&rsquo;interpr\u00e9tation sp\u00e9cialis\u00e9e dans le sport. Afin de rendre la pareille \u00e0 ce secteur qui repr\u00e9sente une partie importante de notre activit\u00e9, nous avons d\u00e9cid\u00e9 de soutenir des organisateurs d&rsquo;\u00e9v\u00e9nements sportifs destin\u00e9s \u00e0 la jeunesse. C&rsquo;est dans cet esprit que s&rsquo;inscrit notre soutien aux associations ci-dessous. Notre activit\u00e9 [&hellip;]<\/p>\n","protected":false},"author":1,"featured_media":14186,"parent":17238,"menu_order":0,"comment_status":"closed","ping_status":"closed","template":"page-interpretation.php","meta":{"_acf_changed":false,"footnotes":""},"class_list":["post-739","page","type-page","status-publish","has-post-thumbnail","hentry"],"acf":[],"_links":{"self":[{"href":"https:\/\/www.colingua.be\/fr\/wp-json\/wp\/v2\/pages\/739"}],"collection":[{"href":"https:\/\/www.colingua.be\/fr\/wp-json\/wp\/v2\/pages"}],"about":[{"href":"https:\/\/www.colingua.be\/fr\/wp-json\/wp\/v2\/types\/page"}],"author":[{"embeddable":true,"href":"https:\/\/www.colingua.be\/fr\/wp-json\/wp\/v2\/users\/1"}],"replies":[{"embeddable":true,"href":"https:\/\/www.colingua.be\/fr\/wp-json\/wp\/v2\/comments?post=739"}],"version-history":[{"count":15,"href":"https:\/\/www.colingua.be\/fr\/wp-json\/wp\/v2\/pages\/739\/revisions"}],"predecessor-version":[{"id":21097,"href":"https:\/\/www.colingua.be\/fr\/wp-json\/wp\/v2\/pages\/739\/revisions\/21097"}],"up":[{"embeddable":true,"href":"https:\/\/www.colingua.be\/fr\/wp-json\/wp\/v2\/pages\/17238"}],"wp:featuredmedia":[{"embeddable":true,"href":"https:\/\/www.colingua.be\/fr\/wp-json\/wp\/v2\/media\/14186"}],"wp:attachment":[{"href":"https:\/\/www.colingua.be\/fr\/wp-json\/wp\/v2\/media?parent=739"}],"curies":[{"name":"wp","href":"https:\/\/api.w.org\/{rel}","templated":true}]}}